{"id":793,"date":"2019-06-20T07:02:37","date_gmt":"2019-06-20T07:02:37","guid":{"rendered":"http:\/\/tus08senne1-fussball.de\/?page_id=793"},"modified":"2021-09-13T13:12:33","modified_gmt":"2021-09-13T13:12:33","slug":"aktiv-vor-ort","status":"publish","type":"page","link":"https:\/\/tus08senne1-fussball.de\/?page_id=793","title":{"rendered":"Engagiert vor Ort"},"content":{"rendered":"<div id=\"pl-gb793-69e2800ece447\"  class=\"panel-layout\" ><div id=\"pg-gb793-69e2800ece447-0\"  class=\"panel-grid panel-no-style\" ><div id=\"pgc-gb793-69e2800ece447-0-0\"  class=\"panel-grid-cell\" ><div id=\"panel-gb793-69e2800ece447-0-0-0\" class=\"so-panel widget widget_circleicon-widget panel-first-child panel-last-child\" data-index=\"0\" >\t\t<div class=\"circle-icon-box circle-icon-position-bottom circle-icon-hide-box circle-icon-size-large \">\n\t\t\t\t\t\t\t<div class=\"circle-icon-wrapper\">\n\t\t\t\t\t\t\t\t\t\t<div class=\"circle-icon icon-style-set\" style=\"background-image: url(http:\/\/tus08senne1-fussball.de\/wp-content\/uploads\/2019\/05\/handshake.png);background-color: #9da7c6\">\n\t\t\t\t\t\t\t\t\t\t\t<\/div>\n\t\t\t\t\t\t\t\t\t<\/div>\n\t\t\t\n\t\t\t\t\t\t\t\t\t\n\t\t\t\t\t\t\t\t<\/div>\n\t\t<\/div><\/div><div id=\"pgc-gb793-69e2800ece447-0-1\"  class=\"panel-grid-cell\" ><div id=\"panel-gb793-69e2800ece447-0-1-0\" class=\"so-panel widget widget_sow-editor panel-first-child panel-last-child\" data-index=\"1\" ><div\n\t\t\t\n\t\t\tclass=\"so-widget-sow-editor so-widget-sow-editor-base\"\n\t\t\t\n\t\t><h3 class=\"widget-title\">Kooperationen<\/h3>\n<div class=\"siteorigin-widget-tinymce textwidget\">\n\t<p>Wir kooperieren aktiv mit den Kinderg\u00e4rten, Kitas und Grundschulen in unserem Stadtteil und bieten dort Fu\u00dfball-AGs an.<\/p>\n<\/div>\n<\/div><\/div><\/div><\/div><div id=\"pg-gb793-69e2800ece447-1\"  class=\"panel-grid panel-no-style\" ><div id=\"pgc-gb793-69e2800ece447-1-0\"  class=\"panel-grid-cell\" ><div id=\"panel-gb793-69e2800ece447-1-0-0\" class=\"so-panel widget widget_circleicon-widget panel-first-child panel-last-child\" data-index=\"2\" >\t\t<div class=\"circle-icon-box circle-icon-position-bottom circle-icon-hide-box circle-icon-size-large \">\n\t\t\t\t\t\t\t<div class=\"circle-icon-wrapper\">\n\t\t\t\t\t\t\t\t\t\t<div class=\"circle-icon icon-style-set\" style=\"background-image: url(http:\/\/tus08senne1-fussball.de\/wp-content\/uploads\/2019\/05\/Freiwilliges-Soziales-Jahr-im-Sport-Logo.svg_.png);background-color: #ffffff\">\n\t\t\t\t\t\t\t\t\t\t\t<\/div>\n\t\t\t\t\t\t\t\t\t<\/div>\n\t\t\t\n\t\t\t\t\t\t\t\t\t\n\t\t\t\t\t\t\t\t<\/div>\n\t\t<\/div><\/div><div id=\"pgc-gb793-69e2800ece447-1-1\"  class=\"panel-grid-cell\" ><div id=\"panel-gb793-69e2800ece447-1-1-0\" class=\"so-panel widget widget_sow-editor panel-first-child panel-last-child\" data-index=\"3\" ><div\n\t\t\t\n\t\t\tclass=\"so-widget-sow-editor so-widget-sow-editor-base\"\n\t\t\t\n\t\t><h3 class=\"widget-title\">Freiwilliges soziales Jahr beim TuS 08<\/h3>\n<div class=\"siteorigin-widget-tinymce textwidget\">\n\t<p>Wir bieten regelm\u00e4\u00dfig die M\u00f6glichkeit an, ein freiwilliges soziales Jahr (FsJ) oder den \u00a0Bundesfreiwilligendienst (&#8222;Bufdi&#8220;) bei uns in der Vereins- und Jugendarbeit zu absolvieren. Bisher haben sich bereits zwei Freiwillige bei uns sozial und sportlich f\u00fcr das Allgemeinwohl engagiert. Hast du auch Interesse und m\u00f6chtest mehr erfahren? Bitte melde dich per E-Mail an:\u00a0<a href=\"mailto:vorstand@tus08senne1-fussball.de\">vorstand@tus08senne1-fussball.de<\/a><\/p>\n<p>&nbsp;<\/p>\n<p>&nbsp;<\/p>\n<\/div>\n<\/div><\/div><\/div><\/div><\/div>\n\n\n<p><\/p>\n","protected":false},"excerpt":{"rendered":"<p>Wir kooperieren aktiv mit den Kinderg\u00e4rten, Kitas und Grundschulen in unserem Stadtteil und bieten dort Fu\u00dfball-AGs an. Wir bieten regelm\u00e4\u00dfig die M\u00f6glichkeit an, ein freiwilliges soziales Jahr (FsJ) oder den \u00a0Bundesfreiwilligendienst (&#8222;Bufdi&#8220;) bei uns in der Vereins- und Jugendarbeit zu absolvieren. Bisher haben sich bereits zwei Freiwillige bei uns sozial und sportlich f\u00fcr das Allgemeinwohl [&hellip;]<\/p>\n","protected":false},"author":1,"featured_media":0,"parent":71,"menu_order":0,"comment_status":"closed","ping_status":"closed","template":"templates\/template-full.php","meta":{"footnotes":""},"class_list":["post-793","page","type-page","status-publish","hentry","post"],"_links":{"self":[{"href":"https:\/\/tus08senne1-fussball.de\/index.php?rest_route=\/wp\/v2\/pages\/793","targetHints":{"allow":["GET"]}}],"collection":[{"href":"https:\/\/tus08senne1-fussball.de\/index.php?rest_route=\/wp\/v2\/pages"}],"about":[{"href":"https:\/\/tus08senne1-fussball.de\/index.php?rest_route=\/wp\/v2\/types\/page"}],"author":[{"embeddable":true,"href":"https:\/\/tus08senne1-fussball.de\/index.php?rest_route=\/wp\/v2\/users\/1"}],"replies":[{"embeddable":true,"href":"https:\/\/tus08senne1-fussball.de\/index.php?rest_route=%2Fwp%2Fv2%2Fcomments&post=793"}],"version-history":[{"count":54,"href":"https:\/\/tus08senne1-fussball.de\/index.php?rest_route=\/wp\/v2\/pages\/793\/revisions"}],"predecessor-version":[{"id":2610,"href":"https:\/\/tus08senne1-fussball.de\/index.php?rest_route=\/wp\/v2\/pages\/793\/revisions\/2610"}],"up":[{"embeddable":true,"href":"https:\/\/tus08senne1-fussball.de\/index.php?rest_route=\/wp\/v2\/pages\/71"}],"wp:attachment":[{"href":"https:\/\/tus08senne1-fussball.de\/index.php?rest_route=%2Fwp%2Fv2%2Fmedia&parent=793"}],"curies":[{"name":"wp","href":"https:\/\/api.w.org\/{rel}","templated":true}]}}