{"id":71,"date":"2019-04-27T20:23:08","date_gmt":"2019-04-27T20:23:08","guid":{"rendered":"http:\/\/tus08senne1-fussball.de\/?page_id=71"},"modified":"2025-08-07T18:39:35","modified_gmt":"2025-08-07T18:39:35","slug":"fussballabteilung","status":"publish","type":"page","link":"https:\/\/tus08senne1-fussball.de\/?page_id=71","title":{"rendered":"Fussballabteilung"},"content":{"rendered":"<div id=\"pl-gb71-69f8a38443e6e\"  class=\"panel-layout wp-block-siteorigin-panels-layout-block\" ><div id=\"pg-gb71-69f8a38443e6e-0\"  class=\"panel-grid panel-no-style\" ><div id=\"pgc-gb71-69f8a38443e6e-0-0\"  class=\"panel-grid-cell\" ><div id=\"panel-gb71-69f8a38443e6e-0-0-0\" class=\"so-panel widget widget_sow-editor panel-first-child panel-last-child\" data-index=\"0\" ><div\n\t\t\t\n\t\t\tclass=\"so-widget-sow-editor so-widget-sow-editor-base\"\n\t\t\t\n\t\t>\n<div class=\"siteorigin-widget-tinymce textwidget\">\n\t<h4>Wer sind wir?<\/h4>\n<p>Die TuS 08 Senne I Fu\u00dfballabteilung ist die Heimat von \u00fcber 600 aktiven Sportlerinnen und Sportlern und damit die gr\u00f6\u00dfte Fu\u00dfballsektion im Bielefelder S\u00fcden. Im Jahr 2025 nehmen 26 Kinder- und Jugendmannschaften (Bambini bis A-Junioren) am Trainings- und Spielbetrieb des Vereins teil, dazu kommen vier Senioren- und eine \u00dc-Mannschaften. Der TuS 08 verf\u00fcgt somit \u00fcber insgesamt 31 Mannschaften.<\/p>\n<p>Der Jugendfu\u00dfball war im ersten Jahrzehnt des neuen Jahrtausends das Aush\u00e4ngeschild des TuS 08 Senne I &#8212; zu Hochzeiten spielten C-, B- und A-Junioren in der Bezirksliga. Seit im Jahr 2012 ein ganzer Jahrgang talentierter Juniorenkicker in den Seniorenbereich wechselte, gelang es der 1. Seniorenmannschaft wieder in die Kreisliga A, der h\u00f6chsten Bielefelder Spielklasse, aufzusteigen. Nach dem Wiederabstieg in die Kreisliga B fand im Jahr \u00a02014 eine Runderneuerung der Mannschaft sowie eine Umstrukturierung im Abteilungsvorstand statt.<\/p>\n<p>Das Projekt &#8222;Kunstrasen&#8220; nahm unter der \u00c4gide von Frank Machwitz und Raphael Ludwig deutlich Fahrt auf und wurde im Jahr 2016 als Vereinsbauma\u00dfnahme erfolgreich beendet. Die Senner Fu\u00dfballer verf\u00fcgen seitdem mit einem Rasen- und einem Kunstrasenplatz in der <a href=\"http:\/\/tus08senne1-fussball.de\/?page_id=182\">bpi-Arena am Waldbad Senne<\/a> \u00fcber ein Vorzeigesportgel\u00e4nde in Bielefeld. Zeitgleich schaffte die 1. Mannschaft den Wiederauftstieg in die Kreisliga A und in der Jugendarbeit stellten sich wieder Erfolge ein.\u00a0Im Sommer 2016 fand das erste Fu\u00dfball-Feriencamp auf dem Kunstrasenplatz statt und vor allem in den unteren Juniorenmannschaften entwickeln sich spielstarke Teams. Zudem w\u00e4chst die Fu\u00dfballabteilung seitdem stetig, sodass inzwischen die Kapazit\u00e4ten der Kabinen- sowie Sportanlage nahezu ersch\u00f6pft sind.<\/p>\n<p>Im Jahr 2018 erweiterte sich der <a href=\"http:\/\/tus08senne1-fussball.de\/?page_id=279\">Fu\u00dfallvorstand<\/a> betr\u00e4chtlich, um die umfangreichen Aufgaben der gr\u00f6\u00dften Fu\u00dfballabteilung im Bielefelder S\u00fcden weiterhin gut zu bew\u00e4ltigen. Seitdem werden die beiden Jugendleiter von Koordinatoren unterst\u00fctzt, die jeweils zwei Altersklassen zusammenfassen und die \u00dcberg\u00e4nge harmonisch gestalten sollen. Nachdem die <a href=\"http:\/\/tus08senne1-fussball.de\/?page_id=11\">1. Seniorenmannschaft<\/a> in der\u00a0&#8222;\u00dcberraschungssaison&#8220; 2017\/18 einen weiteren Aufstieg in die Bezirksliga nur knapp in der Relegation verpasste, wurde die Saison 2018\/2019 zur erfolgreichsten Spielzeit der TuS 08 Senne I Fu\u00dfballabteilung nach dem zweiten Weltkrieg: Die <a href=\"http:\/\/tus08senne1-fussball.de\/?page_id=11\">1. Mannschaft<\/a> gewann die Meisterschaft in der Kreisliga A und stieg in die Bezirksliga auf, die <a href=\"http:\/\/tus08senne1-fussball.de\/?page_id=48\">2. Mannschaft<\/a> wurde Vizemeister in der Kreisliga C und sicherte sich in der Relegation den Aufstieg in die Kreisliga B. Auch bei den <a href=\"http:\/\/tus08senne1-fussball.de\/?page_id=21\">Jugendmannschaften<\/a> gab es erneut einige Meistertitel, sodass die Fu\u00dfballabteilung des TuS 08 Senne I bestens f\u00fcr die Zukunft ger\u00fcstet scheint.<\/p>\n<p>&nbsp;<\/p>\n<h4>Postanschrift<\/h4>\n<p>TuS 08 Senne I e.V. \u2014\u00a0Fu\u00dfballabteilung<br \/>\nz.Hd. Lars Hermann<br \/>\nConcarneaustra\u00dfe 23<br \/>\n33659 Bielefeld<\/p>\n<p>&nbsp;<\/p>\n<hr \/>\n<p>&#8212; <a href=\"http:\/\/tus08senne1-fussball.de\/?page_id=535\">intern<\/a><\/p>\n<\/div>\n<\/div><\/div><\/div><\/div><\/div>\n\n\n<p><\/p>\n","protected":false},"excerpt":{"rendered":"<p>Wer sind wir? Die TuS 08 Senne I Fu\u00dfballabteilung ist die Heimat von \u00fcber 600 aktiven Sportlerinnen und Sportlern und damit die gr\u00f6\u00dfte Fu\u00dfballsektion im Bielefelder S\u00fcden. Im Jahr 2025 nehmen 26 Kinder- und Jugendmannschaften (Bambini bis A-Junioren) am Trainings- und Spielbetrieb des Vereins teil, dazu kommen vier Senioren- und eine \u00dc-Mannschaften. Der TuS 08 [&hellip;]<\/p>\n","protected":false},"author":1,"featured_media":0,"parent":78,"menu_order":0,"comment_status":"closed","ping_status":"closed","template":"templates\/template-full.php","meta":{"footnotes":""},"class_list":["post-71","page","type-page","status-publish","hentry","post"],"_links":{"self":[{"href":"https:\/\/tus08senne1-fussball.de\/index.php?rest_route=\/wp\/v2\/pages\/71","targetHints":{"allow":["GET"]}}],"collection":[{"href":"https:\/\/tus08senne1-fussball.de\/index.php?rest_route=\/wp\/v2\/pages"}],"about":[{"href":"https:\/\/tus08senne1-fussball.de\/index.php?rest_route=\/wp\/v2\/types\/page"}],"author":[{"embeddable":true,"href":"https:\/\/tus08senne1-fussball.de\/index.php?rest_route=\/wp\/v2\/users\/1"}],"replies":[{"embeddable":true,"href":"https:\/\/tus08senne1-fussball.de\/index.php?rest_route=%2Fwp%2Fv2%2Fcomments&post=71"}],"version-history":[{"count":16,"href":"https:\/\/tus08senne1-fussball.de\/index.php?rest_route=\/wp\/v2\/pages\/71\/revisions"}],"predecessor-version":[{"id":4069,"href":"https:\/\/tus08senne1-fussball.de\/index.php?rest_route=\/wp\/v2\/pages\/71\/revisions\/4069"}],"up":[{"embeddable":true,"href":"https:\/\/tus08senne1-fussball.de\/index.php?rest_route=\/wp\/v2\/pages\/78"}],"wp:attachment":[{"href":"https:\/\/tus08senne1-fussball.de\/index.php?rest_route=%2Fwp%2Fv2%2Fmedia&parent=71"}],"curies":[{"name":"wp","href":"https:\/\/api.w.org\/{rel}","templated":true}]}}