{"id":69,"date":"2019-04-27T20:21:42","date_gmt":"2019-04-27T20:21:42","guid":{"rendered":"http:\/\/tus08senne1-fussball.de\/?page_id=69"},"modified":"2025-07-17T12:28:37","modified_gmt":"2025-07-17T12:28:37","slug":"foerderverein","status":"publish","type":"page","link":"https:\/\/tus08senne1-fussball.de\/?page_id=69","title":{"rendered":"Unterst\u00fctzen"},"content":{"rendered":"\n<p>Der TuS 08 Senne I e.V. stellt im Bielefelder S\u00fcden die gr\u00f6\u00dfte Fu\u00dfballabteilung. Wir bieten mittlerweile \u00fcber 600 aktiven Fu\u00dfballerinnen und Fu\u00dfballern auf dem sch\u00f6nen Gel\u00e4nde am Senner Waldbad eine sportliche Heimat.<\/p>\n\n\n\n<p>Unsere Fu\u00dfballabteilung verf\u00fcgt \u00fcber eine hohe Sichtbarkeit, nicht zuletzt durch die&nbsp;j\u00fcngsten sportlichen Erfolgen im Senioren- und Jugendbereich oder&nbsp;beispielsweise durch unser Fu\u00dfball-Feriencamp, dem bpi-Firmenturnier oder dem j\u00e4hrlichen Benefizspiel f\u00fcr das Kinderkrebsprojekt \u201eFruchtalarm\u201c.<\/p>\n\n\n\n<p>Weiterhin wollen wir die sportliche Heimat jedes Fu\u00dfballbegeisterten bleiben und m\u00fcssen die Rahmenbedingungen und Weichen f\u00fcr die Zukunft stellen und unsere wirtschaftliche Leistungsf\u00e4higkeit weiter verbessern.<\/p>\n\n\n\n<p>Hierzu ben\u00f6tigen wir Ihre Unterst\u00fctzung f\u00fcr jeden extra Meter auf und neben dem Platz.<\/p>\n\n\n\n<p><strong>Werde ein Teil des TuS 08,&nbsp;<\/strong><\/p>\n\n\n\n<p><strong>unser Sponsor und hilf mit! Danke.<\/strong><\/p>\n\n\n\n<p>Sie haben viele M\u00f6glichkeiten, durch ihre Hilfe den&nbsp;Spielraum f\u00fcr unsere Kinder- und Jugendarbeit gr\u00f6\u00dfer zu machen:<\/p>\n\n\n\n<ul class=\"wp-block-list\">\n<li>Werden Sie&nbsp;<a href=\"https:\/\/tus08senne1-fussball.de\/?page_id=1033\">Sponsor<\/a>&nbsp;und profitieren Sie von unserer Sichtbarkeit.<\/li>\n\n\n\n<li>Werden Sie&nbsp;<a href=\"https:\/\/tus08senne1-fussball.de\/?page_id=348\">Spender<\/a>&nbsp;und unterst\u00fctzen Sie uns durch eine Sach- oder Geldspende.<\/li>\n\n\n\n<li>Werden Sie&nbsp;<a href=\"https:\/\/tus08senne1-fussball.de\/?page_id=344\">Mitglied im F\u00f6rderverein<\/a>&nbsp;und f\u00f6rdern Sie das Vereinsleben und den Fu\u00dfballsport nachhaltig.<\/li>\n<\/ul>\n\n\n\n<p>Bei weiteren Fragen z\u00f6gern Sie bitte nicht, uns zu kontaktieren:<\/p>\n\n\n\n<p>Kevin K\u00f6hler,&nbsp;Sponsoring-Beauftragter<br><a href=\"mailto:sponsoring@tus08senne1-fussball.de\">sponsoring@tus08senne1-fussball.de<\/a><br>Telefon:&nbsp;0160 181 2591<\/p>\n\n\n\n<figure class=\"wp-block-image size-full\"><img loading=\"lazy\" decoding=\"async\" width=\"250\" height=\"107\" src=\"http:\/\/tus08senne1-fussball.de\/wp-content\/uploads\/2019\/05\/Bildschirmfoto-2020-09-12-um-08.26.25.png\" alt=\"\" class=\"wp-image-2070\"\/><\/figure>\n","protected":false},"excerpt":{"rendered":"<p>Der TuS 08 Senne I e.V. stellt im Bielefelder S\u00fcden die gr\u00f6\u00dfte Fu\u00dfballabteilung. Wir bieten mittlerweile \u00fcber 600 aktiven Fu\u00dfballerinnen und Fu\u00dfballern auf dem sch\u00f6nen Gel\u00e4nde am Senner Waldbad eine sportliche Heimat. Unsere Fu\u00dfballabteilung verf\u00fcgt \u00fcber eine hohe Sichtbarkeit, nicht zuletzt durch die&nbsp;j\u00fcngsten sportlichen Erfolgen im Senioren- und Jugendbereich oder&nbsp;beispielsweise durch unser Fu\u00dfball-Feriencamp, dem bpi-Firmenturnier [&hellip;]<\/p>\n","protected":false},"author":1,"featured_media":0,"parent":78,"menu_order":0,"comment_status":"closed","ping_status":"closed","template":"templates\/template-full.php","meta":{"footnotes":""},"class_list":["post-69","page","type-page","status-publish","hentry","post"],"_links":{"self":[{"href":"https:\/\/tus08senne1-fussball.de\/index.php?rest_route=\/wp\/v2\/pages\/69","targetHints":{"allow":["GET"]}}],"collection":[{"href":"https:\/\/tus08senne1-fussball.de\/index.php?rest_route=\/wp\/v2\/pages"}],"about":[{"href":"https:\/\/tus08senne1-fussball.de\/index.php?rest_route=\/wp\/v2\/types\/page"}],"author":[{"embeddable":true,"href":"https:\/\/tus08senne1-fussball.de\/index.php?rest_route=\/wp\/v2\/users\/1"}],"replies":[{"embeddable":true,"href":"https:\/\/tus08senne1-fussball.de\/index.php?rest_route=%2Fwp%2Fv2%2Fcomments&post=69"}],"version-history":[{"count":9,"href":"https:\/\/tus08senne1-fussball.de\/index.php?rest_route=\/wp\/v2\/pages\/69\/revisions"}],"predecessor-version":[{"id":4054,"href":"https:\/\/tus08senne1-fussball.de\/index.php?rest_route=\/wp\/v2\/pages\/69\/revisions\/4054"}],"up":[{"embeddable":true,"href":"https:\/\/tus08senne1-fussball.de\/index.php?rest_route=\/wp\/v2\/pages\/78"}],"wp:attachment":[{"href":"https:\/\/tus08senne1-fussball.de\/index.php?rest_route=%2Fwp%2Fv2%2Fmedia&parent=69"}],"curies":[{"name":"wp","href":"https:\/\/api.w.org\/{rel}","templated":true}]}}