{"id":614,"date":"2019-06-03T10:18:34","date_gmt":"2019-06-03T10:18:34","guid":{"rendered":"http:\/\/tus08senne1-fussball.de\/?page_id=614"},"modified":"2023-02-20T12:45:24","modified_gmt":"2023-02-20T12:45:24","slug":"mitmachen","status":"publish","type":"page","link":"https:\/\/tus08senne1-fussball.de\/?page_id=614","title":{"rendered":"Anmeldung"},"content":{"rendered":"<div id=\"pl-gb614-6a07fdd71fb16\"  class=\"panel-layout\" ><div id=\"pg-gb614-6a07fdd71fb16-0\"  class=\"panel-grid panel-no-style\" ><div id=\"pgc-gb614-6a07fdd71fb16-0-0\"  class=\"panel-grid-cell\" ><div id=\"panel-gb614-6a07fdd71fb16-0-0-0\" class=\"so-panel widget widget_sow-editor panel-first-child panel-last-child\" data-index=\"0\" ><div\n\t\t\t\n\t\t\tclass=\"so-widget-sow-editor so-widget-sow-editor-base\"\n\t\t\t\n\t\t>\n<div class=\"siteorigin-widget-tinymce textwidget\">\n\t<\/div>\n<\/div><\/div><\/div><\/div><\/div>\n\n<div id=\"pl-gb614-6a07fdd721d63\"  class=\"panel-layout\" ><div id=\"pg-gb614-6a07fdd721d63-0\"  class=\"panel-grid panel-no-style\" ><div id=\"pgc-gb614-6a07fdd721d63-0-0\"  class=\"panel-grid-cell\" ><div id=\"panel-gb614-6a07fdd721d63-0-0-0\" class=\"so-panel widget widget_sow-editor panel-first-child panel-last-child\" data-index=\"0\" ><div class=\"panel-widget-style panel-widget-style-for-gb614-6a07fdd721d63-0-0-0\" ><div\n\t\t\t\n\t\t\tclass=\"so-widget-sow-editor so-widget-sow-editor-base\"\n\t\t\t\n\t\t>\n<div class=\"siteorigin-widget-tinymce textwidget\">\n\t<h4>Fu\u00dfballspielen im Verein!<\/h4>\n<div>Du hast Lust, Fussball im Verein zu spielen, oder m\u00f6chtest deinem Kind Sport und Spa\u00df am Vereinsleben vermitteln?\u00a0Von den Kleinsten der Kleinen bis zu heranwachsenden Jugendlichen und Senioren deckt unsere Abteilung alle Altersklassen ab. Im Junioren-Bereich bitten wir darum, das Kind zun\u00e4chst\u00a0<a href=\"http:\/\/tus08senne1-fussball.de\/?page_id=296\">hier zu einem Probetraining<\/a> anzumelden, um den richtigen Platz in unseren Mannschaften zu finden!<\/div>\n<div>\n<div><\/div>\n<\/div>\n<div><\/div>\n<div><\/div>\n<\/div>\n<\/div><\/div><\/div><\/div><div id=\"pgc-gb614-6a07fdd721d63-0-1\"  class=\"panel-grid-cell\" ><div id=\"panel-gb614-6a07fdd721d63-0-1-0\" class=\"so-panel widget widget_sow-editor panel-first-child panel-last-child\" data-index=\"1\" ><div class=\"panel-widget-style panel-widget-style-for-gb614-6a07fdd721d63-0-1-0\" ><div\n\t\t\t\n\t\t\tclass=\"so-widget-sow-editor so-widget-sow-editor-base\"\n\t\t\t\n\t\t>\n<div class=\"siteorigin-widget-tinymce textwidget\">\n\t<h4>Werde Teil des Trainerteams!<\/h4>\n<div>\n<div>Du bist fu\u00dfballbegeistert und hast Spa\u00df daran, Kinder in ihrer Entwicklung zu begleiten? Wir suchen immer engagierte Jugendliche oder Erwachsene, die Teil\u00a0unseres Trainerteams\u00a0werden m\u00f6chten! Finde deine eigene \u00a0Position in unserem Jugendkonzept. Auch bei deiner eigenen F\u00f6rderung durch Lizenzen oder Lehrg\u00e4nge stehen wir unterst\u00fctzend zur Seite. Bei Interesse melde dich unter:\u00a0<a href=\"mailto:jugendleitung@tus08senne1-fussball.de\">jugendleitung@tus08senne1-fussball.de<\/a><\/div>\n<div><\/div>\n<\/div>\n<div><\/div>\n<div><\/div>\n<\/div>\n<\/div><\/div><\/div><\/div><\/div><div id=\"pg-gb614-6a07fdd721d63-1\"  class=\"panel-grid panel-no-style\" ><div id=\"pgc-gb614-6a07fdd721d63-1-0\"  class=\"panel-grid-cell\" ><div id=\"panel-gb614-6a07fdd721d63-1-0-0\" class=\"so-panel widget widget_sow-editor panel-first-child panel-last-child\" data-index=\"2\" ><div\n\t\t\t\n\t\t\tclass=\"so-widget-sow-editor so-widget-sow-editor-base\"\n\t\t\t\n\t\t>\n<div class=\"siteorigin-widget-tinymce textwidget\">\n\t<h4>Mitgliedschaft<\/h4>\n<p>Wir freuen uns \u00fcber jedes neue Mitglied!\u00a0Hier findest Du Informationen zur Mitgliedschaft und alle Formulare zur Anmeldung:<\/p>\n<ul>\n<li><a href=\"http:\/\/www.tus08senne1-hauptverein.de\/wp-content\/uploads\/Beitragsordnung-2021-3.pdf\">Aktuelle Beitragss\u00e4tze<\/a><\/li>\n<li><a href=\"https:\/\/wdfv.de\/download\/spielberechtigungen\/spielberechtigungsantrag.pdf\">Formular zum Passantrag<\/a><\/li>\n<li><a href=\"http:\/\/www.tus08senne1-hauptverein.de\/homepage\/aufnahmeantrag-beitraege-und-satzung\/\">Formular zur Vereinsmitgliedschaft<\/a><\/li>\n<li><a href=\"http:\/\/tus08senne1-fussball.de\/wp-content\/uploads\/2019\/05\/DATENSCHUTZERKL\u00c4RUNG_05-2018.pdf\">Datenschutzerkl\u00e4rung<\/a><\/li>\n<\/ul>\n<p>&nbsp;<\/p>\n<\/div>\n<\/div><\/div><\/div><\/div><\/div>\n\n\n<p><\/p>\n","protected":false},"excerpt":{"rendered":"","protected":false},"author":1,"featured_media":0,"parent":71,"menu_order":0,"comment_status":"closed","ping_status":"closed","template":"templates\/template-full.php","meta":{"footnotes":""},"class_list":["post-614","page","type-page","status-publish","hentry","post"],"_links":{"self":[{"href":"https:\/\/tus08senne1-fussball.de\/index.php?rest_route=\/wp\/v2\/pages\/614","targetHints":{"allow":["GET"]}}],"collection":[{"href":"https:\/\/tus08senne1-fussball.de\/index.php?rest_route=\/wp\/v2\/pages"}],"about":[{"href":"https:\/\/tus08senne1-fussball.de\/index.php?rest_route=\/wp\/v2\/types\/page"}],"author":[{"embeddable":true,"href":"https:\/\/tus08senne1-fussball.de\/index.php?rest_route=\/wp\/v2\/users\/1"}],"replies":[{"embeddable":true,"href":"https:\/\/tus08senne1-fussball.de\/index.php?rest_route=%2Fwp%2Fv2%2Fcomments&post=614"}],"version-history":[{"count":35,"href":"https:\/\/tus08senne1-fussball.de\/index.php?rest_route=\/wp\/v2\/pages\/614\/revisions"}],"predecessor-version":[{"id":3306,"href":"https:\/\/tus08senne1-fussball.de\/index.php?rest_route=\/wp\/v2\/pages\/614\/revisions\/3306"}],"up":[{"embeddable":true,"href":"https:\/\/tus08senne1-fussball.de\/index.php?rest_route=\/wp\/v2\/pages\/71"}],"wp:attachment":[{"href":"https:\/\/tus08senne1-fussball.de\/index.php?rest_route=%2Fwp%2Fv2%2Fmedia&parent=614"}],"curies":[{"name":"wp","href":"https:\/\/api.w.org\/{rel}","templated":true}]}}