{"id":348,"date":"2019-04-30T13:49:39","date_gmt":"2019-04-30T13:49:39","guid":{"rendered":"http:\/\/tus08senne1-fussball.de\/?page_id=348"},"modified":"2019-07-18T07:49:00","modified_gmt":"2019-07-18T07:49:00","slug":"spenden","status":"publish","type":"page","link":"https:\/\/tus08senne1-fussball.de\/?page_id=348","title":{"rendered":"Spenden"},"content":{"rendered":"<div id=\"pl-gb348-69f623ca2a372\"  class=\"panel-layout\" ><div id=\"pg-gb348-69f623ca2a372-0\"  class=\"panel-grid panel-no-style\" ><div id=\"pgc-gb348-69f623ca2a372-0-0\"  class=\"panel-grid-cell\" ><div id=\"panel-gb348-69f623ca2a372-0-0-0\" class=\"so-panel widget widget_sow-editor panel-first-child panel-last-child\" data-index=\"0\" ><div\n\t\t\t\n\t\t\tclass=\"so-widget-sow-editor so-widget-sow-editor-base\"\n\t\t\t\n\t\t>\n<div class=\"siteorigin-widget-tinymce textwidget\">\n\t<div id=\"cc-m-12268875122\" class=\"j-module n j-textWithImage \">\n<div id=\"cc-m-textwithimage-12268875122\" class=\"cc-m-textwithimage-inline-rte\" data-name=\"text\" data-action=\"text\">\n<p>Sie m\u00f6chten die Jugendarbeit oder das Sportangebot unserer Abteilung durch eine <strong>Spende<\/strong> unterst\u00fctzen? Wir bedanken uns sehr &#8212; ein kleiner Beitrag kann f\u00fcr unsere jungen Sportlerinnen und Sportler bereits eine gro\u00dfe Unterst\u00fctzung sein!<\/p>\n<p>Sie k\u00f6nnen Ihre Spende einfach per <strong>\u00dcberweisung<\/strong> auf folgendes Konto machen:<\/p>\n<ul>\n<li>Bank: Sparkasse Bielefeld<\/li>\n<li>BLZ: 480 501 61<\/li>\n<li>Konto: \u00a0231 928 83<\/li>\n<li>IBAN: DE38 4805 0161 0023 1928 83<\/li>\n<li>SWIFT-BIC:\u00a0 SPBIDE3BXXX<\/li>\n<\/ul>\n<p>Ben\u00f6tigen Sie eine <strong>Spendenquittung<\/strong>? Bitte nehmen Sie einfach Kontakt zu <a title=\"alexander.hohmann@foerdervereinfussballsenne.de\" href=\"mailto:alexander.hohmann@foerdervereinfussballsenne.de\">Alexander Hohmann<\/a>\u00a0auf. Geben Sie dabei die H\u00f6he und den Verwendungszweck der Spende an, damit wir die Korrektheit der Spende best\u00e4tigen k\u00f6nnen. Bitte hinterlassen Sie uns auch Ihre Adresse, damit wir Ihnen die Spendenquittung zukommen lassen k\u00f6nnen. Nach dem Eintreffen der Spende erhalten Sie dann die Quittung.<\/p>\n<p><img decoding=\"async\" id=\"cc-m-textwithimage-image-12268875122\" class=\"\" src=\"https:\/\/image.jimcdn.com\/app\/cms\/image\/transf\/dimension=199x1024:format=jpg\/path\/s4b2532622663465a\/image\/idc421e393dc5dd4e\/version\/1478601704\/image.jpg\" sizes=\"(min-width: 199px) 199px, 100vw\" srcset=\"https:\/\/image.jimcdn.com\/app\/cms\/image\/transf\/dimension=199x1024:format=jpg\/path\/s4b2532622663465a\/image\/idc421e393dc5dd4e\/version\/1478601704\/image.jpg 199w, https:\/\/image.jimcdn.com\/app\/cms\/image\/transf\/dimension=320x1024:format=jpg\/path\/s4b2532622663465a\/image\/idc421e393dc5dd4e\/version\/1478601704\/image.jpg 320w, https:\/\/image.jimcdn.com\/app\/cms\/image\/transf\/dimension=398x1024:format=jpg\/path\/s4b2532622663465a\/image\/idc421e393dc5dd4e\/version\/1478601704\/image.jpg 398w\" alt=\"\" data-src-width=\"473\" data-src-height=\"405\" data-src=\"https:\/\/image.jimcdn.com\/app\/cms\/image\/transf\/dimension=199x1024:format=jpg\/path\/s4b2532622663465a\/image\/idc421e393dc5dd4e\/version\/1478601704\/image.jpg\" data-image-id=\"7948240122\" \/><\/p>\n<\/div>\n<p>&nbsp;<\/p>\n<p>Falls Sie uns regelm\u00e4\u00dfig unterst\u00fctzen m\u00f6chten, haben Sie die M\u00f6glichkeit, auch <a href=\"http:\/\/tus08senne1-fussball.de\/?page_id=344\">Mitglied in unserem F\u00f6rderverein<\/a> zu werden.<\/p>\n<\/div>\n<\/div>\n<\/div><\/div><\/div><\/div><\/div>","protected":false},"excerpt":{"rendered":"<p>Sie m\u00f6chten die Jugendarbeit oder das Sportangebot unserer Abteilung durch eine Spende unterst\u00fctzen? Wir bedanken uns sehr &#8212; ein kleiner Beitrag kann f\u00fcr unsere jungen Sportlerinnen und Sportler bereits eine gro\u00dfe Unterst\u00fctzung sein! Sie k\u00f6nnen Ihre Spende einfach per \u00dcberweisung auf folgendes Konto machen: Bank: Sparkasse Bielefeld BLZ: 480 501 61 Konto: \u00a0231 928 83 [&hellip;]<\/p>\n","protected":false},"author":1,"featured_media":0,"parent":69,"menu_order":0,"comment_status":"closed","ping_status":"closed","template":"templates\/template-full.php","meta":{"footnotes":""},"class_list":["post-348","page","type-page","status-publish","hentry","post"],"_links":{"self":[{"href":"https:\/\/tus08senne1-fussball.de\/index.php?rest_route=\/wp\/v2\/pages\/348","targetHints":{"allow":["GET"]}}],"collection":[{"href":"https:\/\/tus08senne1-fussball.de\/index.php?rest_route=\/wp\/v2\/pages"}],"about":[{"href":"https:\/\/tus08senne1-fussball.de\/index.php?rest_route=\/wp\/v2\/types\/page"}],"author":[{"embeddable":true,"href":"https:\/\/tus08senne1-fussball.de\/index.php?rest_route=\/wp\/v2\/users\/1"}],"replies":[{"embeddable":true,"href":"https:\/\/tus08senne1-fussball.de\/index.php?rest_route=%2Fwp%2Fv2%2Fcomments&post=348"}],"version-history":[{"count":10,"href":"https:\/\/tus08senne1-fussball.de\/index.php?rest_route=\/wp\/v2\/pages\/348\/revisions"}],"predecessor-version":[{"id":1060,"href":"https:\/\/tus08senne1-fussball.de\/index.php?rest_route=\/wp\/v2\/pages\/348\/revisions\/1060"}],"up":[{"embeddable":true,"href":"https:\/\/tus08senne1-fussball.de\/index.php?rest_route=\/wp\/v2\/pages\/69"}],"wp:attachment":[{"href":"https:\/\/tus08senne1-fussball.de\/index.php?rest_route=%2Fwp%2Fv2%2Fmedia&parent=348"}],"curies":[{"name":"wp","href":"https:\/\/api.w.org\/{rel}","templated":true}]}}