{"id":344,"date":"2019-04-30T13:49:02","date_gmt":"2019-04-30T13:49:02","guid":{"rendered":"http:\/\/tus08senne1-fussball.de\/?page_id=344"},"modified":"2022-08-20T07:26:51","modified_gmt":"2022-08-20T07:26:51","slug":"vf-mitgliedschaft","status":"publish","type":"page","link":"https:\/\/tus08senne1-fussball.de\/?page_id=344","title":{"rendered":"F\u00f6rderverein"},"content":{"rendered":"<div id=\"pl-gb344-69f9e9ac378a6\"  class=\"panel-layout\" ><div id=\"pg-gb344-69f9e9ac378a6-0\"  class=\"panel-grid panel-no-style\" ><div id=\"pgc-gb344-69f9e9ac378a6-0-0\"  class=\"panel-grid-cell\" ><div id=\"panel-gb344-69f9e9ac378a6-0-0-0\" class=\"so-panel widget widget_sow-editor panel-first-child panel-last-child\" data-index=\"0\" ><div\n\t\t\t\n\t\t\tclass=\"so-widget-sow-editor so-widget-sow-editor-base\"\n\t\t\t\n\t\t><h3 class=\"widget-title\">Ziele und Ma\u00dfnahmen<\/h3>\n<div class=\"siteorigin-widget-tinymce textwidget\">\n\t<p>Der F\u00f6rderverein der Fu\u00dfballabteilung des TuS 08 Senne I e.V. wurde gegr\u00fcndet, um die Arbeit der Abteilung im\u00a0Jugend- und Seniorenfu\u00dfball ideell und finanziell zu f\u00f6rdern. Dazu engagiert sich der F\u00f6rderverein unter anderem durch Beschaffung von Mitteln durch Beitr\u00e4ge, Spenden, Zusch\u00fcssen und sonstigen Zuwendung sowie durch Veranstaltungen\/Events.<\/p>\n<p>Mit dem Bau des Kunstrasens sowie einer platznahen Imbissstation wurden zwei zentrale Ziele des Verein erfolgreich umgesetzt. Weitere Ziele sind die Verbesserung der sanit\u00e4ren Einrichtungen und der allgemeinen Trainings- und Spielbedingungen sowie langfristig\u00a0eine \u00dcberdachung\/Trib\u00fcne.<\/p>\n<p>Engagieren auch sie sich bei unseren Veranstaltungen, mit ihrer Arbeitskraft, mit einer Mitgliedschaft oder durch <a href=\"http:\/\/tus08senne1-fussball.de\/?page_id=348\">Sach- und Geldspenden<\/a>\u00a0&#8212; alle Gelder kommen zu 100% der Fu\u00dfballabteilung zu Gute!<\/p>\n<\/div>\n<\/div><\/div><\/div><div id=\"pgc-gb344-69f9e9ac378a6-0-1\"  class=\"panel-grid-cell\" ><div id=\"panel-gb344-69f9e9ac378a6-0-1-0\" class=\"so-panel widget widget_sow-editor panel-first-child panel-last-child\" data-index=\"1\" ><div\n\t\t\t\n\t\t\tclass=\"so-widget-sow-editor so-widget-sow-editor-base\"\n\t\t\t\n\t\t><h3 class=\"widget-title\">Vorstand<\/h3>\n<div class=\"siteorigin-widget-tinymce textwidget\">\n\t<p>Der Vorstand des F\u00f6rdervereins wird gebildet aus den folgenden Personen:<\/p>\n<ul>\n<li><strong>1. Vorsitzender<\/strong>: Alexander Hohmann<br \/>\nTelefon: 0151 &#8211; 12 80 82 49, <a href=\"mailto:alexander.hohmann@foerdervereinfussballsenne.de\">alexander.hohmann@foerdervereinfussballsenne.de<\/a><\/li>\n<li><strong>2. Vorsitzender<\/strong>: Raphael Ludwig<br \/>\nTelefon: 0179 &#8211; 10 44 214<\/li>\n<li><strong>Schatzmeister<\/strong>: Ulf Busse<br \/>\nTelefon: 0172 &#8211; 78 00 781, <a href=\"mailto:ulf.busse@foerdervereinfussballsenne.de\">ulf.busse@foerdervereinfussballsenne.de<\/a><\/li>\n<li><strong>Schriftf\u00fchrer<\/strong>: Roland Landgraf<\/li>\n<li><strong>Werbung<\/strong>: Gerd R\u00fcter<br \/>\nTelefon: 05209 &#8211; 31 84<\/li>\n<\/ul>\n<p><strong>Adresse:<\/strong><br \/>\nF\u00f6rderverein Fu\u00dfball &#8211; Senne I e.V.<br \/>\nAm Pferdebrink 9<br \/>\n33659 Bielefeld<\/p>\n<p>&nbsp;<\/p>\n<p>&nbsp;<\/p>\n<\/div>\n<\/div><\/div><\/div><\/div><div id=\"pg-gb344-69f9e9ac378a6-1\"  class=\"panel-grid panel-no-style\" ><div id=\"pgc-gb344-69f9e9ac378a6-1-0\"  class=\"panel-grid-cell\" ><div id=\"panel-gb344-69f9e9ac378a6-1-0-0\" class=\"so-panel widget widget_circleicon-widget panel-first-child panel-last-child\" data-index=\"2\" >\t\t<div class=\"circle-icon-box circle-icon-position-left circle-icon-hide-box circle-icon-size-medium \">\n\t\t\t\t\t\t\t<div class=\"circle-icon-wrapper\">\n\t\t\t\t\t\t\t\t\t\t<a href=\"http:\/\/tus08senne1-fussball.de\/wp-content\/uploads\/2022\/08\/Antrag_FV.pdf\" class=\"link-icon\" target=\"_blank\">\t\t\t\t\t<div class=\"circle-icon icon-style-set\" style=\"background-image: url(http:\/\/tus08senne1-fussball.de\/wp-content\/uploads\/2019\/05\/tus-logo.png)\">\n\t\t\t\t\t\t\t\t\t\t\t<\/div>\n\t\t\t\t\t<\/a>\t\t\t\t<\/div>\n\t\t\t\n\t\t\t\t\t\t\t<a\n\t\t\t\t\thref=\"http:\/\/tus08senne1-fussball.de\/wp-content\/uploads\/2022\/08\/Antrag_FV.pdf\"\n\t\t\t\t\tclass=\"link-title\" target=&quot;_blank&quot;\t\t\t\t>\n\t\t\t\t\t\t\t\t\t\t<h4 >\n\t\t\t\t\tMitgliedsantrag\t\t\t\t<\/h4>\n\t\t\t\t\t\t\t\t\t\t<\/a>\n\t\t\t\n\t\t\t\t\t\t\t<p class=\"text\" >\n\t\t\t\tAufnahmeantrag F\u00f6rderverein\t\t\t<\/p>\n\t\t\t\t\t\t\t\t\t\t<a\n\t\t\t\t\thref=\"http:\/\/tus08senne1-fussball.de\/wp-content\/uploads\/2022\/08\/Antrag_FV.pdf\"\n\t\t\t\t\tclass=\"more-button\"\n\t\t\t\t\ttarget=&quot;_blank&quot;\t\t\t\t>\n\t\t\t\t\tPDF\t\t\t\t\t<i><\/i>\n\t\t\t\t<\/a>\n\t\t\t\t\t<\/div>\n\t\t<\/div><\/div><div id=\"pgc-gb344-69f9e9ac378a6-1-1\"  class=\"panel-grid-cell\" ><div id=\"panel-gb344-69f9e9ac378a6-1-1-0\" class=\"so-panel widget widget_circleicon-widget panel-first-child panel-last-child\" data-index=\"3\" >\t\t<div class=\"circle-icon-box circle-icon-position-left circle-icon-hide-box circle-icon-size-medium \">\n\t\t\t\t\t\t\t<div class=\"circle-icon-wrapper\">\n\t\t\t\t\t\t\t\t\t\t<a href=\"http:\/\/tus08senne1-fussball.de\/wp-content\/uploads\/2019\/05\/Satzung_Foerderverein.pdf\" class=\"link-icon\" target=\"_blank\">\t\t\t\t\t<div class=\"circle-icon icon-style-set\" style=\"background-image: url(http:\/\/tus08senne1-fussball.de\/wp-content\/uploads\/2019\/05\/tus-logo.png)\">\n\t\t\t\t\t\t\t\t\t\t\t<\/div>\n\t\t\t\t\t<\/a>\t\t\t\t<\/div>\n\t\t\t\n\t\t\t\t\t\t\t<a\n\t\t\t\t\thref=\"http:\/\/tus08senne1-fussball.de\/wp-content\/uploads\/2019\/05\/Satzung_Foerderverein.pdf\"\n\t\t\t\t\tclass=\"link-title\" target=&quot;_blank&quot;\t\t\t\t>\n\t\t\t\t\t\t\t\t\t\t<h4 >\n\t\t\t\t\tSatzung\t\t\t\t<\/h4>\n\t\t\t\t\t\t\t\t\t\t<\/a>\n\t\t\t\n\t\t\t\t\t\t\t<p class=\"text\" >\n\t\t\t\tSatzung des F\u00f6rdervereins\t\t\t<\/p>\n\t\t\t\t\t\t\t\t\t\t<a\n\t\t\t\t\thref=\"http:\/\/tus08senne1-fussball.de\/wp-content\/uploads\/2019\/05\/Satzung_Foerderverein.pdf\"\n\t\t\t\t\tclass=\"more-button\"\n\t\t\t\t\ttarget=&quot;_blank&quot;\t\t\t\t>\n\t\t\t\t\tPDF\t\t\t\t\t<i><\/i>\n\t\t\t\t<\/a>\n\t\t\t\t\t<\/div>\n\t\t<\/div><\/div><\/div><\/div>","protected":false},"excerpt":{"rendered":"<p>Der F\u00f6rderverein der Fu\u00dfballabteilung des TuS 08 Senne I e.V. wurde gegr\u00fcndet, um die Arbeit der Abteilung im\u00a0Jugend- und Seniorenfu\u00dfball ideell und finanziell zu f\u00f6rdern. Dazu engagiert sich der F\u00f6rderverein unter anderem durch Beschaffung von Mitteln durch Beitr\u00e4ge, Spenden, Zusch\u00fcssen und sonstigen Zuwendung sowie durch Veranstaltungen\/Events. Mit dem Bau des Kunstrasens sowie einer platznahen Imbissstation [&hellip;]<\/p>\n","protected":false},"author":1,"featured_media":0,"parent":69,"menu_order":0,"comment_status":"closed","ping_status":"closed","template":"templates\/template-full.php","meta":{"footnotes":""},"class_list":["post-344","page","type-page","status-publish","hentry","post"],"_links":{"self":[{"href":"https:\/\/tus08senne1-fussball.de\/index.php?rest_route=\/wp\/v2\/pages\/344","targetHints":{"allow":["GET"]}}],"collection":[{"href":"https:\/\/tus08senne1-fussball.de\/index.php?rest_route=\/wp\/v2\/pages"}],"about":[{"href":"https:\/\/tus08senne1-fussball.de\/index.php?rest_route=\/wp\/v2\/types\/page"}],"author":[{"embeddable":true,"href":"https:\/\/tus08senne1-fussball.de\/index.php?rest_route=\/wp\/v2\/users\/1"}],"replies":[{"embeddable":true,"href":"https:\/\/tus08senne1-fussball.de\/index.php?rest_route=%2Fwp%2Fv2%2Fcomments&post=344"}],"version-history":[{"count":15,"href":"https:\/\/tus08senne1-fussball.de\/index.php?rest_route=\/wp\/v2\/pages\/344\/revisions"}],"predecessor-version":[{"id":3192,"href":"https:\/\/tus08senne1-fussball.de\/index.php?rest_route=\/wp\/v2\/pages\/344\/revisions\/3192"}],"up":[{"embeddable":true,"href":"https:\/\/tus08senne1-fussball.de\/index.php?rest_route=\/wp\/v2\/pages\/69"}],"wp:attachment":[{"href":"https:\/\/tus08senne1-fussball.de\/index.php?rest_route=%2Fwp%2Fv2%2Fmedia&parent=344"}],"curies":[{"name":"wp","href":"https:\/\/api.w.org\/{rel}","templated":true}]}}