{"id":2980,"date":"2022-04-16T18:50:23","date_gmt":"2022-04-16T18:50:23","guid":{"rendered":"https:\/\/tus08senne1-fussball.de\/?page_id=2980"},"modified":"2022-04-16T19:13:13","modified_gmt":"2022-04-16T19:13:13","slug":"streitschlichter","status":"publish","type":"page","link":"https:\/\/tus08senne1-fussball.de\/?page_id=2980","title":{"rendered":"Streitschlichter"},"content":{"rendered":"<div id=\"pl-2980\"  class=\"panel-layout\" ><div id=\"pg-2980-0\"  class=\"panel-grid panel-no-style\" ><div id=\"pgc-2980-0-0\"  class=\"panel-grid-cell\" ><div id=\"panel-2980-0-0-0\" class=\"so-panel widget widget_sow-editor panel-first-child panel-last-child\" data-index=\"0\" ><div\n\t\t\t\n\t\t\tclass=\"so-widget-sow-editor so-widget-sow-editor-base\"\n\t\t\t\n\t\t><h3 class=\"widget-title\">Streitschlichtung im TuS 08 Senne I<\/h3>\n<div class=\"siteorigin-widget-tinymce textwidget\">\n\t<p>Bei ca. 600 Mitgliedern liegt es in der Natur der Sache, dass es im Vereinsleben hier und da zu Meinungsverschiedenheiten und unterschiedlichen Standpunkten kommt.\u00a0In den meisten F\u00e4llen k\u00f6nnen diese Alltagskonflikte in einem offenen Gespr\u00e4ch zwischen Trainern, Funktion\u00e4ren, Eltern oder Spielern ausger\u00e4umt werden -- das ist gut und soll so sein!<\/p>\n<p>Sollte ein ordentliches Gespr\u00e4ch jedoch nicht ausreichen, um ein bestehendes Problem zu l\u00f6sen, bieten wir innerhalb der Fu\u00dfballabteilung des TuS 08 Senne I eine Streitschlichtung an. Diese kann sowohl von Aktiven, als auch von Eltern und Trainern in Anspruch genommen werden, um bestehende Konflikte fr\u00fchzeitig mit Unterst\u00fctzung zu l\u00f6sen.\u00a0Voraussetzung f\u00fcr die Streitschlichtung ist, dass bereits ein Versuch unternommen wurde, in einem Gespr\u00e4ch eine gemeinsame L\u00f6sung f\u00fcr etwaige Differenzen zu finden.<\/p>\n<p>Kontakt zur Streitschlichtung kann \u00fcber die E-Mail-Adresse <a href=\"mailto:streitschlichter@tus08senne1-fussball.de\">streitschlichter@tus08senne1-fussball.de<\/a> aufgenommen werden.<\/p>\n<p>Die Streitschlichtung steht ausschlie\u00dflich den Mitgliedern der Fu\u00dfballabteilung zur Verf\u00fcgung, f\u00fcr externe Anliegen bitten wir um Verbindungsaufnahme mit der Abteilungsleitung.<\/p>\n<\/div>\n<\/div><\/div><\/div><\/div><div id=\"pg-2980-1\"  class=\"panel-grid panel-has-style\" ><div class=\"panel-row-style panel-row-style-for-2980-1\" ><div id=\"pgc-2980-1-0\"  class=\"panel-grid-cell\" ><div id=\"panel-2980-1-0-0\" class=\"so-panel widget widget_sow-image panel-first-child panel-last-child\" data-index=\"1\" ><div\n\t\t\t\n\t\t\tclass=\"so-widget-sow-image so-widget-sow-image-default-c67d20f9f743-2980\"\n\t\t\t\n\t\t>\n<div class=\"sow-image-container\">\n\t\t<img \n\tsrc=\"https:\/\/tus08senne1-fussball.de\/wp-content\/uploads\/2022\/04\/Greenyer-Schueler-0062b-4-150x150.jpg\" width=\"150\" height=\"150\" sizes=\"(max-width: 150px) 100vw, 150px\" title=\"Greenyer-Schueler-0062b (4)\" alt=\"\" \t\tclass=\"so-widget-image\"\/>\n\t<\/div>\n\n<\/div><\/div><\/div><div id=\"pgc-2980-1-1\"  class=\"panel-grid-cell\" ><div id=\"panel-2980-1-1-0\" class=\"so-panel widget widget_sow-editor panel-first-child panel-last-child\" data-index=\"2\" ><div\n\t\t\t\n\t\t\tclass=\"so-widget-sow-editor so-widget-sow-editor-base\"\n\t\t\t\n\t\t>\n<div class=\"siteorigin-widget-tinymce textwidget\">\n\t<p><strong>Unsere Streitschlichterin<\/strong><\/p>\n<p>Mein Name ist Manon Greenyer und ich geh\u00f6re als Mutter eines Fu\u00dfballjunioren seit 9 Jahren zur \"Community\" der Senner Fu\u00dfballer. Seit einigen Jahren betreue ich gemeinsam mit dem Senner Jugendleiter ehrenamtlich die Freiwilligendienstleistenden beim TuS 08. In dieser Zeit habe ich viele Menschen kennengelernt und zahlreiche n\u00fctzliche Erfahrungen in und um unseren Verein herum gesammelt. Seit 2022 geh\u00f6re ich dem Vorstand der Fussballabteilung an.<\/p>\n<p>Als Streitschlichterin stehe ich allen Mitgliedern der Fussballabteilung des TuS 08 Senne I zur Verf\u00fcgung und bin daf\u00fcr \u00fcber die E-Mail <a href=\"mailto:streitschlichter@tus08senne1-fussball.de\">streitschlichter@tus08senne1-fussball.de<\/a> erreichbar.<\/p>\n<\/div>\n<\/div><\/div><\/div><\/div><\/div><\/div>","protected":false},"excerpt":{"rendered":"<p>Bei ca. 600 Mitgliedern liegt es in der Natur der Sache, dass es im Vereinsleben hier und da zu Meinungsverschiedenheiten und unterschiedlichen Standpunkten kommt.\u00a0In den meisten F\u00e4llen k\u00f6nnen diese Alltagskonflikte in einem offenen Gespr\u00e4ch zwischen Trainern, Funktion\u00e4ren, Eltern oder Spielern ausger\u00e4umt werden &#8212; das ist gut und soll so sein! Sollte ein ordentliches Gespr\u00e4ch jedoch [&hellip;]<\/p>\n","protected":false},"author":1,"featured_media":0,"parent":71,"menu_order":0,"comment_status":"closed","ping_status":"closed","template":"templates\/template-full-notitle.php","meta":{"footnotes":""},"class_list":["post-2980","page","type-page","status-publish","hentry","post"],"_links":{"self":[{"href":"https:\/\/tus08senne1-fussball.de\/index.php?rest_route=\/wp\/v2\/pages\/2980","targetHints":{"allow":["GET"]}}],"collection":[{"href":"https:\/\/tus08senne1-fussball.de\/index.php?rest_route=\/wp\/v2\/pages"}],"about":[{"href":"https:\/\/tus08senne1-fussball.de\/index.php?rest_route=\/wp\/v2\/types\/page"}],"author":[{"embeddable":true,"href":"https:\/\/tus08senne1-fussball.de\/index.php?rest_route=\/wp\/v2\/users\/1"}],"replies":[{"embeddable":true,"href":"https:\/\/tus08senne1-fussball.de\/index.php?rest_route=%2Fwp%2Fv2%2Fcomments&post=2980"}],"version-history":[{"count":14,"href":"https:\/\/tus08senne1-fussball.de\/index.php?rest_route=\/wp\/v2\/pages\/2980\/revisions"}],"predecessor-version":[{"id":2996,"href":"https:\/\/tus08senne1-fussball.de\/index.php?rest_route=\/wp\/v2\/pages\/2980\/revisions\/2996"}],"up":[{"embeddable":true,"href":"https:\/\/tus08senne1-fussball.de\/index.php?rest_route=\/wp\/v2\/pages\/71"}],"wp:attachment":[{"href":"https:\/\/tus08senne1-fussball.de\/index.php?rest_route=%2Fwp%2Fv2%2Fmedia&parent=2980"}],"curies":[{"name":"wp","href":"https:\/\/api.w.org\/{rel}","templated":true}]}}