{"id":296,"date":"2019-04-29T19:20:50","date_gmt":"2019-04-29T19:20:50","guid":{"rendered":"http:\/\/tus08senne1-fussball.de\/?page_id=296"},"modified":"2024-08-29T06:57:00","modified_gmt":"2024-08-29T06:57:00","slug":"probetraining","status":"publish","type":"page","link":"https:\/\/tus08senne1-fussball.de\/?page_id=296","title":{"rendered":"Anmeldung zum Probetraining"},"content":{"rendered":"<div id=\"pl-296\"  class=\"panel-layout\" ><div id=\"pg-296-0\"  class=\"panel-grid panel-no-style\" ><div id=\"pgc-296-0-0\"  class=\"panel-grid-cell\" ><div id=\"panel-296-0-0-0\" class=\"so-panel widget widget_text panel-first-child panel-last-child\" data-index=\"0\" >\t\t\t<div class=\"textwidget\"><p>Aufgrund der hohen Nachfrage sind unsere Mannschaften ebenso wie die Wartelisten bereits sehr voll. Die Anmeldung zu einem Probetraining ist daher zurzeit leider nicht mehr m\u00f6glich.<\/p>\n<p>In K\u00fcrze werden wir an dieser Stelle die Anmeldung f\u00fcr<strong> einzelne ausgew\u00e4hlte Jahrg\u00e4nge<\/strong>\u00a0wieder aktivieren.<\/p>\n<p>&nbsp;<\/p>\n<p>&nbsp;<\/p>\n<\/div>\n\t\t<\/div><\/div><\/div><\/div>","protected":false},"excerpt":{"rendered":"<p>Aufgrund der hohen Nachfrage sind unsere Mannschaften ebenso wie die Wartelisten bereits sehr voll. Die Anmeldung zu einem Probetraining ist daher zurzeit leider nicht mehr m\u00f6glich. In K\u00fcrze werden wir an dieser Stelle die Anmeldung f\u00fcr einzelne ausgew\u00e4hlte Jahrg\u00e4nge\u00a0wieder aktivieren. &nbsp; &nbsp;<\/p>\n","protected":false},"author":1,"featured_media":0,"parent":71,"menu_order":0,"comment_status":"closed","ping_status":"closed","template":"templates\/template-full.php","meta":{"footnotes":""},"class_list":["post-296","page","type-page","status-publish","hentry","post"],"_links":{"self":[{"href":"https:\/\/tus08senne1-fussball.de\/index.php?rest_route=\/wp\/v2\/pages\/296","targetHints":{"allow":["GET"]}}],"collection":[{"href":"https:\/\/tus08senne1-fussball.de\/index.php?rest_route=\/wp\/v2\/pages"}],"about":[{"href":"https:\/\/tus08senne1-fussball.de\/index.php?rest_route=\/wp\/v2\/types\/page"}],"author":[{"embeddable":true,"href":"https:\/\/tus08senne1-fussball.de\/index.php?rest_route=\/wp\/v2\/users\/1"}],"replies":[{"embeddable":true,"href":"https:\/\/tus08senne1-fussball.de\/index.php?rest_route=%2Fwp%2Fv2%2Fcomments&post=296"}],"version-history":[{"count":30,"href":"https:\/\/tus08senne1-fussball.de\/index.php?rest_route=\/wp\/v2\/pages\/296\/revisions"}],"predecessor-version":[{"id":3840,"href":"https:\/\/tus08senne1-fussball.de\/index.php?rest_route=\/wp\/v2\/pages\/296\/revisions\/3840"}],"up":[{"embeddable":true,"href":"https:\/\/tus08senne1-fussball.de\/index.php?rest_route=\/wp\/v2\/pages\/71"}],"wp:attachment":[{"href":"https:\/\/tus08senne1-fussball.de\/index.php?rest_route=%2Fwp%2Fv2%2Fmedia&parent=296"}],"curies":[{"name":"wp","href":"https:\/\/api.w.org\/{rel}","templated":true}]}}