{"id":279,"date":"2019-04-29T19:09:19","date_gmt":"2019-04-29T19:09:19","guid":{"rendered":"http:\/\/tus08senne1-fussball.de\/?page_id=279"},"modified":"2026-03-25T21:13:06","modified_gmt":"2026-03-25T21:13:06","slug":"vorstand","status":"publish","type":"page","link":"https:\/\/tus08senne1-fussball.de\/?page_id=279","title":{"rendered":"Vorstand"},"content":{"rendered":"<div id=\"pl-279\"  class=\"panel-layout\" ><div id=\"pg-279-0\"  class=\"panel-grid panel-no-style\" ><div id=\"pgc-279-0-0\"  class=\"panel-grid-cell\" ><div id=\"panel-279-0-0-0\" class=\"so-panel widget widget_sow-image panel-first-child\" data-index=\"0\" ><div\n\t\t\t\n\t\t\tclass=\"so-widget-sow-image so-widget-sow-image-default-8b5b6f678277-279\"\n\t\t\t\n\t\t>\n<div class=\"sow-image-container\">\n\t\t<img \n\tsrc=\"https:\/\/tus08senne1-fussball.de\/wp-content\/uploads\/2026\/02\/Vorstand-2026.png\" width=\"1503\" height=\"822\" srcset=\"https:\/\/tus08senne1-fussball.de\/wp-content\/uploads\/2026\/02\/Vorstand-2026.png 1503w, https:\/\/tus08senne1-fussball.de\/wp-content\/uploads\/2026\/02\/Vorstand-2026-300x164.png 300w, https:\/\/tus08senne1-fussball.de\/wp-content\/uploads\/2026\/02\/Vorstand-2026-1024x560.png 1024w, https:\/\/tus08senne1-fussball.de\/wp-content\/uploads\/2026\/02\/Vorstand-2026-768x420.png 768w\" sizes=\"(max-width: 1503px) 100vw, 1503px\" alt=\"\" \t\tclass=\"so-widget-image\"\/>\n\t<\/div>\n\n<\/div><\/div><div id=\"panel-279-0-0-1\" class=\"widget_text so-panel widget widget_custom_html\" data-index=\"1\" ><div class=\"textwidget custom-html-widget\"><table class=\"mceEditable\" style=\"height: 272px;\" border=\"0\" width=\"661\" cellspacing=\"0\" cellpadding=\"3\" align=\"\" data-mce-contenteditable=\"true\">\n<tbody>\n<tr>\n<td><a href=\"mailto:vorsitz1@tus08senne1-fussball.de\">Vorsitzender<\/a><\/td>\n<td>Lars Herrmann<\/td>\n<td>0173-7191180<\/td>\n<\/tr>\n<tr>\n<td><a href=\"mailto:vorsitz2@tus08senne1-fussball.de\">Stellv. Vorsitzender<\/a><\/td>\n<td>Jan Hochmann<\/td>\n<td><\/td>\n<\/tr>\n<tr>\n<td><a href=\"mailto:kassenwart@tus08senne1-fussball.de\">Kassenwart<\/a><\/td>\n<td>Raphael Ludwig<\/td>\n<td>0179-1044214<\/td>\n<\/tr>\n<tr>\n<td><a href=\"mailto:spielleitung@tus08senne1-fussball.de\">Leiter Spielbetrieb<\/a><\/td>\n<td>Olaf Klausmeier<\/td>\n<td>0178-8379572<\/td>\n<\/tr>\n<tr>\n<td><a href=\"mailto:jugendleitung@tus08senne1-fussball.de\">Jugendleiter<\/a><\/td>\n<td>N.N.<\/td>\n<td\/> <!--\/td><td>0179-3213495<\/td-->\n<\/tr>\n<!--tr>\n<td><a href=\"mailto:jugendleitung@tus08senne1-fussball.de\">Stellv. Jugendleiter<\/a><\/td>\n<td>N.N. <\/td>\n<td><\/td> \n<\/tr-->\n<tr>\n<td><a href=\"mailto:schriftfuehrer@tus08senne1-fussball.de\">Schriftf\u00fchrer<\/a><\/td>\n\t<td>Sebastian G\u00f6rdes<\/td>\n<td>0178-4487915<\/td>\n<\/tr>\n<tr>\n<td><a href=\"mailto:material@tus08senne1-fussball.de\">Material<\/a><\/td>\n\t<td>Ralf Garthoff<\/td>\n<td>0151-42524882<\/td>\n<\/tr>\n<tr>\n<td><a href=\"mailto:sponsoring@tus08senne1-fussball.de\">Sponsoring<\/a><\/td>\n\t<td>Kevin K\u00f6hler<\/td>\n<td>0160-1812591<\/td>\n<\/tr>\n<tr>\n<td><a href=\"mailto:infrastruktur@tus08senne1-fussball.de\">Infrastruktur und Bau<\/a><\/td>\n\t<td>Oliver Pitter<\/td>\n<td>0172-9269663<\/td>\n<\/tr>\n<!--tr>\n<td><a href=\"mailto:christoph.apke@tus08senne.de\">EDV<\/a><\/td>\n\t<td>Christoph Apke<\/td>\n<td>0160-1154366<\/td>\n<\/tr-->\n<tr>\n<td><a href=\"mailto:streitschlichter@tus08senne1-fussball.de\">Betreuung FSJ, Trainersch\u00fclerausbildung, Streitschlichtung<\/a><\/td>\n\t<td>Manon Greenyer-Schueler<\/td>\n<td>0176-61680641<\/td>\n<\/tr>\n<!--tr>\n<td><a href=\"mailto:hglobich@quo-vadis-gmbh.de\">Koordinator U10 (im Jugendvorstand)<\/a><\/td>\n\t<td>Holger Globich <\/td>\n<td>0157-52443340<\/td>\n<\/tr>\n<tr>\n<td><a href=\"mailto:skopp@techfak.uni-bielefeld.de\">Koordinator U14 (im Jugendvorstand)<\/a><\/td>\n\t<td>Raphael Ludwig <\/td>\n<td>0179-1044214<\/td>\n<\/tr>\n<tr>\n<td><a href=\"mailto:moritz.dennin@tus08senne.de\">Koordinator U18 (im Jugendvorstand)<\/a><\/td>\n\t<td>Moritz Dennin <\/td>\n<td>0177-4005038<\/td>\n<\/tr-->\n\t\n<\/tbody>\n<\/table><\/div><\/div><div id=\"panel-279-0-0-2\" class=\"widget_text so-panel widget widget_custom_html\" data-index=\"2\" ><div class=\"textwidget custom-html-widget\"><table class=\"mceEditable\" style=\"height: 272px;\" border=\"0\" width=\"661\" cellspacing=\"0\" cellpadding=\"3\" align=\"\" data-mce-contenteditable=\"true\">\n<tbody>\n\n<tr>\n<td>SPORTLICHE LEITUNG<\/td>\t\t\n<\/tr>\t\n<tr>\n<td><a href=\"mailto:wolfgang.prasse@tus08senne1-fussball.de\">Sportlicher Leiter Senioren & Leistungsbereich Jugend<\/a><\/td>\n<td>Wolfgang Prasse<\/td>\n<td>0175\/5914229<\/td>\n<\/tr>\n<\/tbody>\n<\/table><\/div><\/div><div id=\"panel-279-0-0-3\" class=\"so-panel widget widget_text\" data-index=\"3\" >\t\t\t<div class=\"textwidget\"><h4>Postanschrift<\/h4>\n<p>TuS 08 Senne I e.V. \u2014\u00a0Fu\u00dfballabteilung<br \/>\nz.Hd. Lars Herrmann<br \/>\nConcarneaustra\u00dfe 23<br \/>\n33659 Bielefeld<\/p>\n<hr \/>\n<\/div>\n\t\t<\/div><div id=\"panel-279-0-0-4\" class=\"so-panel widget widget_text panel-last-child\" data-index=\"4\" >\t\t\t<div class=\"textwidget\"><h4>Historie der Fu\u00dfballobm\u00e4nner<\/h4>\n<ul>\n<li>um 1958 (mindestens seit 1945): Karl Heidbrink\n<ul>\n<li>danach: Hans Austenfeld<\/li>\n<li>(kurzzeitig):\u00a0Reinhold P\u00f6rtner<\/li>\n<li>danach:\u00a0Arno Noreisch<\/li>\n<li>danach:\u00a0Waldemar Wienzek<\/li>\n<\/ul>\n<\/li>\n<li>1969 &#8211; 1979:\u00a0Arnold Gogolin<\/li>\n<li>1979 &#8211; 1984:\u00a0Anton Breulmann<\/li>\n<li>1984 &#8211; 1990:\u00a0Hermann Fink<\/li>\n<li>1990 &#8211; 2000:\u00a0Gerhard R\u00fcter<\/li>\n<li>2000 &#8211; 2014:\u00a0Stefan Ambrosius<\/li>\n<li>2014 &#8211; heute:\u00a0Lars Herrmann<\/li>\n<\/ul>\n<hr\/>\n<\/div>\n\t\t<\/div><\/div><\/div><\/div>","protected":false},"excerpt":{"rendered":"<p>Postanschrift TuS 08 Senne I e.V. \u2014\u00a0Fu\u00dfballabteilung z.Hd. Lars Herrmann Concarneaustra\u00dfe 23 33659 Bielefeld Historie der Fu\u00dfballobm\u00e4nner um 1958 (mindestens seit 1945): Karl Heidbrink danach: Hans Austenfeld (kurzzeitig):\u00a0Reinhold P\u00f6rtner danach:\u00a0Arno Noreisch danach:\u00a0Waldemar Wienzek 1969 &#8211; 1979:\u00a0Arnold Gogolin 1979 &#8211; 1984:\u00a0Anton Breulmann 1984 &#8211; 1990:\u00a0Hermann Fink 1990 &#8211; 2000:\u00a0Gerhard R\u00fcter 2000 &#8211; 2014:\u00a0Stefan Ambrosius 2014 &#8211; [&hellip;]<\/p>\n","protected":false},"author":1,"featured_media":0,"parent":71,"menu_order":0,"comment_status":"closed","ping_status":"closed","template":"templates\/template-full.php","meta":{"footnotes":""},"class_list":["post-279","page","type-page","status-publish","hentry","post"],"_links":{"self":[{"href":"https:\/\/tus08senne1-fussball.de\/index.php?rest_route=\/wp\/v2\/pages\/279","targetHints":{"allow":["GET"]}}],"collection":[{"href":"https:\/\/tus08senne1-fussball.de\/index.php?rest_route=\/wp\/v2\/pages"}],"about":[{"href":"https:\/\/tus08senne1-fussball.de\/index.php?rest_route=\/wp\/v2\/types\/page"}],"author":[{"embeddable":true,"href":"https:\/\/tus08senne1-fussball.de\/index.php?rest_route=\/wp\/v2\/users\/1"}],"replies":[{"embeddable":true,"href":"https:\/\/tus08senne1-fussball.de\/index.php?rest_route=%2Fwp%2Fv2%2Fcomments&post=279"}],"version-history":[{"count":94,"href":"https:\/\/tus08senne1-fussball.de\/index.php?rest_route=\/wp\/v2\/pages\/279\/revisions"}],"predecessor-version":[{"id":4203,"href":"https:\/\/tus08senne1-fussball.de\/index.php?rest_route=\/wp\/v2\/pages\/279\/revisions\/4203"}],"up":[{"embeddable":true,"href":"https:\/\/tus08senne1-fussball.de\/index.php?rest_route=\/wp\/v2\/pages\/71"}],"wp:attachment":[{"href":"https:\/\/tus08senne1-fussball.de\/index.php?rest_route=%2Fwp%2Fv2%2Fmedia&parent=279"}],"curies":[{"name":"wp","href":"https:\/\/api.w.org\/{rel}","templated":true}]}}