{"id":2166,"date":"2020-11-09T19:34:52","date_gmt":"2020-11-09T19:34:52","guid":{"rendered":"http:\/\/tus08senne1-fussball.de\/?page_id=2166"},"modified":"2025-09-04T13:23:06","modified_gmt":"2025-09-04T13:23:06","slug":"vereinszeitung-waldblatt","status":"publish","type":"page","link":"https:\/\/tus08senne1-fussball.de\/?page_id=2166","title":{"rendered":"Vereinsmagazin &#8222;Senner WaldBlatt&#8220;"},"content":{"rendered":"<div id=\"pl-gb2166-69e34bec24b63\"  class=\"panel-layout wp-block-siteorigin-panels-layout-block\" ><div id=\"pg-gb2166-69e34bec24b63-0\"  class=\"panel-grid panel-no-style\" ><div id=\"pgc-gb2166-69e34bec24b63-0-0\"  class=\"panel-grid-cell\" ><div id=\"panel-gb2166-69e34bec24b63-0-0-0\" class=\"so-panel widget widget_sow-editor panel-first-child panel-last-child\" data-index=\"0\" ><div\n\t\t\t\n\t\t\tclass=\"so-widget-sow-editor so-widget-sow-editor-base\"\n\t\t\t\n\t\t>\n<div class=\"siteorigin-widget-tinymce textwidget\">\n\t<p>Was ist los im TuS 08? Unser &#8222;Senner WaldBlatt&#8220; gibt dir aktuelle Informationen, spannende Hintergr\u00fcnden und viel Wissenswertes \u00fcber unsere Fu\u00dfballabteilung. Du kannst das Magazin hier herunterladen. In gedruckter Form ist es auch in vielen Senner Gesch\u00e4ften ausgelegt bzw. wird an Senner Haushalte verteilt.<\/p>\n<p>Die aktuelle Ausgabe direkt zum Herunterladen und alle Ausgaben zum St\u00f6bern (rechts) \u00a0&#8212; viel Spa\u00df!<\/p>\n<\/div>\n<\/div><\/div><\/div><\/div><div id=\"pg-gb2166-69e34bec24b63-1\"  class=\"panel-grid panel-no-style\" ><div id=\"pgc-gb2166-69e34bec24b63-1-0\"  class=\"panel-grid-cell\" ><div id=\"panel-gb2166-69e34bec24b63-1-0-0\" class=\"so-panel widget widget_text panel-first-child panel-last-child\" data-index=\"1\" ><h3 class=\"widget-title\">aktuelle Ausgabe<\/h3>\t\t\t<div class=\"textwidget\"><p><a href=\"https:\/\/tus08senne1-fussball.de\/wp-content\/uploads\/2025\/08\/TuS_Magazin_2025-08_web_.pdf\" class=\"pdfemb-viewer\" style=\"\" data-width=\"max\" data-height=\"max\" data-toolbar=\"bottom\" data-toolbar-fixed=\"off\">TuS_Magazin_2025-08_web_<\/a><\/a><\/p>\n<p>&nbsp;<\/p>\n<p>&nbsp;<\/p>\n<\/div>\n\t\t<\/div><\/div><div id=\"pgc-gb2166-69e34bec24b63-1-1\"  class=\"panel-grid-cell\" ><div id=\"panel-gb2166-69e34bec24b63-1-1-0\" class=\"so-panel widget widget_sow-editor panel-first-child\" data-index=\"2\" ><div\n\t\t\t\n\t\t\tclass=\"so-widget-sow-editor so-widget-sow-editor-base\"\n\t\t\t\n\t\t>\n<div class=\"siteorigin-widget-tinymce textwidget\">\n\t<p><strong>Alle Ausgaben zum Herunterladen (als PDF):<\/strong><\/p>\n<\/div>\n<\/div><\/div><div id=\"panel-gb2166-69e34bec24b63-1-1-1\" class=\"so-panel widget widget_sow-features\" data-index=\"3\" ><div class=\"panel-widget-style panel-widget-style-for-gb2166-69e34bec24b63-1-1-1\" ><div\n\t\t\t\n\t\t\tclass=\"so-widget-sow-features so-widget-sow-features-default-265bdf926be0-2166\"\n\t\t\t\n\t\t><ul\n\tclass=\"sow-features-list\n\tsow-features-responsive\">\n\n\t\t\t<li\n\t\t\tclass=\"sow-features-feature sow-icon-container-position-right\"\n\t\t\tstyle=\"display: flex; flex-direction: row; width: calc(33.333% - 25px);\"\n\t\t>\n\t\t\t\n\t\t\t\t\t\t<a\t\t\t\tclass=\"sow-icon-container sow-container-round\"\n\t\t\t\tstyle=\"color: #2138d1; \"\n\t\t\t\t\n\t\t\t\t\t\t\t\t\thref=\"http:\/\/tus08senne1-fussball.de\/wp-content\/uploads\/2025\/08\/TuS_Magazin_2025-08_web_.pdf\"\n\t\t\t\t\ttarget=\"_blank\" rel=\"noopener noreferrer\"\t\t\t>\n\t\t\t\t<span class=\"sow-icon-ionicons\" data-sow-icon=\"&#xf3e8;\"\n\t\tstyle=\"font-size: 20px; color: #ffffff\" \n\t\taria-hidden=\"true\"><\/span>\t\t\t<\/a>\n\n\t\t\t<div class=\"textwidget\">\n\t\t\t\t\n\t\t\t\t\n\t\t\t\t\t\t\t\t\t<div class=\"sow-features-feature-text\">\n\t\t\t\t\t<p><strong>August 2025<\/strong><\/p>\n\t\t\t\t\t<\/div>\n\t\t\t\t\t\t\t\t<\/div>\n\t\t\t\t\t\t\t\t<\/li>\n\n\t<\/ul>\n<\/div><\/div><\/div><div id=\"panel-gb2166-69e34bec24b63-1-1-2\" class=\"so-panel widget widget_sow-features\" data-index=\"4\" ><div class=\"panel-widget-style panel-widget-style-for-gb2166-69e34bec24b63-1-1-2\" ><div\n\t\t\t\n\t\t\tclass=\"so-widget-sow-features so-widget-sow-features-default-265bdf926be0-2166\"\n\t\t\t\n\t\t><ul\n\tclass=\"sow-features-list\n\tsow-features-responsive\">\n\n\t\t\t<li\n\t\t\tclass=\"sow-features-feature sow-icon-container-position-right\"\n\t\t\tstyle=\"display: flex; flex-direction: row; width: calc(33.333% - 25px);\"\n\t\t>\n\t\t\t\n\t\t\t\t\t\t<a\t\t\t\tclass=\"sow-icon-container sow-container-round\"\n\t\t\t\tstyle=\"color: #2138d1; \"\n\t\t\t\t\n\t\t\t\t\t\t\t\t\thref=\"http:\/\/tus08senne1-fussball.de\/wp-content\/uploads\/2025\/03\/TuS_Magazin_2025-02_web_.pdf\"\n\t\t\t\t\ttarget=\"_blank\" rel=\"noopener noreferrer\"\t\t\t>\n\t\t\t\t<span class=\"sow-icon-ionicons\" data-sow-icon=\"&#xf3e8;\"\n\t\tstyle=\"font-size: 20px; color: #ffffff\" \n\t\taria-hidden=\"true\"><\/span>\t\t\t<\/a>\n\n\t\t\t<div class=\"textwidget\">\n\t\t\t\t\n\t\t\t\t\n\t\t\t\t\t\t\t\t\t<div class=\"sow-features-feature-text\">\n\t\t\t\t\t<p><strong>M\u00e4rz 2025<\/strong><\/p>\n\t\t\t\t\t<\/div>\n\t\t\t\t\t\t\t\t<\/div>\n\t\t\t\t\t\t\t\t<\/li>\n\n\t<\/ul>\n<\/div><\/div><\/div><div id=\"panel-gb2166-69e34bec24b63-1-1-3\" class=\"so-panel widget widget_sow-features\" data-index=\"5\" ><div class=\"panel-widget-style panel-widget-style-for-gb2166-69e34bec24b63-1-1-3\" ><div\n\t\t\t\n\t\t\tclass=\"so-widget-sow-features so-widget-sow-features-default-265bdf926be0-2166\"\n\t\t\t\n\t\t><ul\n\tclass=\"sow-features-list\n\tsow-features-responsive\">\n\n\t\t\t<li\n\t\t\tclass=\"sow-features-feature sow-icon-container-position-right\"\n\t\t\tstyle=\"display: flex; flex-direction: row; width: calc(33.333% - 25px);\"\n\t\t>\n\t\t\t\n\t\t\t\t\t\t<a\t\t\t\tclass=\"sow-icon-container sow-container-round\"\n\t\t\t\tstyle=\"color: #2138d1; \"\n\t\t\t\t\n\t\t\t\t\t\t\t\t\thref=\"http:\/\/tus08senne1-fussball.de\/wp-content\/uploads\/2024\/09\/TuS_Magazin_2024-09_klein.pdf\"\n\t\t\t\t\ttarget=\"_blank\" rel=\"noopener noreferrer\"\t\t\t>\n\t\t\t\t<span class=\"sow-icon-ionicons\" data-sow-icon=\"&#xf3e8;\"\n\t\tstyle=\"font-size: 20px; color: #ffffff\" \n\t\taria-hidden=\"true\"><\/span>\t\t\t<\/a>\n\n\t\t\t<div class=\"textwidget\">\n\t\t\t\t\n\t\t\t\t\n\t\t\t\t\t\t\t\t\t<div class=\"sow-features-feature-text\">\n\t\t\t\t\t<p><strong>September 2024<\/strong><\/p>\n\t\t\t\t\t<\/div>\n\t\t\t\t\t\t\t\t<\/div>\n\t\t\t\t\t\t\t\t<\/li>\n\n\t<\/ul>\n<\/div><\/div><\/div><div id=\"panel-gb2166-69e34bec24b63-1-1-4\" class=\"so-panel widget widget_sow-features\" data-index=\"6\" ><div class=\"panel-widget-style panel-widget-style-for-gb2166-69e34bec24b63-1-1-4\" ><div\n\t\t\t\n\t\t\tclass=\"so-widget-sow-features so-widget-sow-features-default-265bdf926be0-2166\"\n\t\t\t\n\t\t><ul\n\tclass=\"sow-features-list\n\tsow-features-responsive\">\n\n\t\t\t<li\n\t\t\tclass=\"sow-features-feature sow-icon-container-position-right\"\n\t\t\tstyle=\"display: flex; flex-direction: row; width: calc(33.333% - 25px);\"\n\t\t>\n\t\t\t\n\t\t\t\t\t\t<a\t\t\t\tclass=\"sow-icon-container sow-container-round\"\n\t\t\t\tstyle=\"color: #2138d1; \"\n\t\t\t\t\n\t\t\t\t\t\t\t\t\thref=\"http:\/\/tus08senne1-fussball.de\/wp-content\/uploads\/2023\/12\/TuS_Magazin_2023-12_web.pdf\"\n\t\t\t\t\ttarget=\"_blank\" rel=\"noopener noreferrer\"\t\t\t>\n\t\t\t\t<span class=\"sow-icon-ionicons\" data-sow-icon=\"&#xf3e8;\"\n\t\tstyle=\"font-size: 20px; color: #ffffff\" \n\t\taria-hidden=\"true\"><\/span>\t\t\t<\/a>\n\n\t\t\t<div class=\"textwidget\">\n\t\t\t\t\n\t\t\t\t\n\t\t\t\t\t\t\t\t\t<div class=\"sow-features-feature-text\">\n\t\t\t\t\t<p><strong>Dezember 2023<\/strong><\/p>\n\t\t\t\t\t<\/div>\n\t\t\t\t\t\t\t\t<\/div>\n\t\t\t\t\t\t\t\t<\/li>\n\n\t<\/ul>\n<\/div><\/div><\/div><div id=\"panel-gb2166-69e34bec24b63-1-1-5\" class=\"so-panel widget widget_sow-features\" data-index=\"7\" ><div class=\"panel-widget-style panel-widget-style-for-gb2166-69e34bec24b63-1-1-5\" ><div\n\t\t\t\n\t\t\tclass=\"so-widget-sow-features so-widget-sow-features-default-265bdf926be0-2166\"\n\t\t\t\n\t\t><ul\n\tclass=\"sow-features-list\n\tsow-features-responsive\">\n\n\t\t\t<li\n\t\t\tclass=\"sow-features-feature sow-icon-container-position-right\"\n\t\t\tstyle=\"display: flex; flex-direction: row; width: calc(33.333% - 25px);\"\n\t\t>\n\t\t\t\n\t\t\t\t\t\t<a\t\t\t\tclass=\"sow-icon-container sow-container-round\"\n\t\t\t\tstyle=\"color: #2138d1; \"\n\t\t\t\t\n\t\t\t\t\t\t\t\t\thref=\"http:\/\/tus08senne1-fussball.de\/wp-content\/uploads\/2022\/08\/TuS_Magazin_2022-08_web.pdf\"\n\t\t\t\t\ttarget=\"_blank\" rel=\"noopener noreferrer\"\t\t\t>\n\t\t\t\t<span class=\"sow-icon-ionicons\" data-sow-icon=\"&#xf3e8;\"\n\t\tstyle=\"font-size: 20px; color: #ffffff\" \n\t\taria-hidden=\"true\"><\/span>\t\t\t<\/a>\n\n\t\t\t<div class=\"textwidget\">\n\t\t\t\t\n\t\t\t\t\n\t\t\t\t\t\t\t\t\t<div class=\"sow-features-feature-text\">\n\t\t\t\t\t<p><strong>August 2022<\/strong><\/p>\n\t\t\t\t\t<\/div>\n\t\t\t\t\t\t\t\t<\/div>\n\t\t\t\t\t\t\t\t<\/li>\n\n\t<\/ul>\n<\/div><\/div><\/div><div id=\"panel-gb2166-69e34bec24b63-1-1-6\" class=\"so-panel widget widget_sow-features\" data-index=\"8\" ><div class=\"panel-widget-style panel-widget-style-for-gb2166-69e34bec24b63-1-1-6\" ><div\n\t\t\t\n\t\t\tclass=\"so-widget-sow-features so-widget-sow-features-default-265bdf926be0-2166\"\n\t\t\t\n\t\t><ul\n\tclass=\"sow-features-list\n\tsow-features-responsive\">\n\n\t\t\t<li\n\t\t\tclass=\"sow-features-feature sow-icon-container-position-right\"\n\t\t\tstyle=\"display: flex; flex-direction: row; width: calc(33.333% - 25px);\"\n\t\t>\n\t\t\t\n\t\t\t\t\t\t<a\t\t\t\tclass=\"sow-icon-container sow-container-round\"\n\t\t\t\tstyle=\"color: #2138d1; \"\n\t\t\t\t\n\t\t\t\t\t\t\t\t\thref=\"http:\/\/tus08senne1-fussball.de\/wp-content\/uploads\/2021\/12\/TuS_Magazin_2021-12_v5_web.pdf\"\n\t\t\t\t\ttarget=\"_blank\" rel=\"noopener noreferrer\"\t\t\t>\n\t\t\t\t<span class=\"sow-icon-ionicons\" data-sow-icon=\"&#xf3e8;\"\n\t\tstyle=\"font-size: 20px; color: #ffffff\" \n\t\taria-hidden=\"true\"><\/span>\t\t\t<\/a>\n\n\t\t\t<div class=\"textwidget\">\n\t\t\t\t\n\t\t\t\t\n\t\t\t\t\t\t\t\t\t<div class=\"sow-features-feature-text\">\n\t\t\t\t\t<p><strong>Dezember 2021<\/strong><\/p>\n\t\t\t\t\t<\/div>\n\t\t\t\t\t\t\t\t<\/div>\n\t\t\t\t\t\t\t\t<\/li>\n\n\t<\/ul>\n<\/div><\/div><\/div><div id=\"panel-gb2166-69e34bec24b63-1-1-7\" class=\"so-panel widget widget_sow-features\" data-index=\"9\" ><div class=\"panel-widget-style panel-widget-style-for-gb2166-69e34bec24b63-1-1-7\" ><div\n\t\t\t\n\t\t\tclass=\"so-widget-sow-features so-widget-sow-features-default-265bdf926be0-2166\"\n\t\t\t\n\t\t><ul\n\tclass=\"sow-features-list\n\tsow-features-responsive\">\n\n\t\t\t<li\n\t\t\tclass=\"sow-features-feature sow-icon-container-position-right\"\n\t\t\tstyle=\"display: flex; flex-direction: row; width: calc(33.333% - 25px);\"\n\t\t>\n\t\t\t\n\t\t\t\t\t\t<a\t\t\t\tclass=\"sow-icon-container sow-container-round\"\n\t\t\t\tstyle=\"color: #2138d1; \"\n\t\t\t\t\n\t\t\t\t\t\t\t\t\thref=\"http:\/\/tus08senne1-fussball.de\/wp-content\/uploads\/2021\/08\/TuS_Magazin_2021-08_web.pdf\"\n\t\t\t\t\ttarget=\"_blank\" rel=\"noopener noreferrer\"\t\t\t>\n\t\t\t\t<span class=\"sow-icon-ionicons\" data-sow-icon=\"&#xf3e8;\"\n\t\tstyle=\"font-size: 20px; color: #ffffff\" \n\t\taria-hidden=\"true\"><\/span>\t\t\t<\/a>\n\n\t\t\t<div class=\"textwidget\">\n\t\t\t\t\n\t\t\t\t\n\t\t\t\t\t\t\t\t\t<div class=\"sow-features-feature-text\">\n\t\t\t\t\t<p><strong>August 2021<\/strong><\/p>\n\t\t\t\t\t<\/div>\n\t\t\t\t\t\t\t\t<\/div>\n\t\t\t\t\t\t\t\t<\/li>\n\n\t<\/ul>\n<\/div><\/div><\/div><div id=\"panel-gb2166-69e34bec24b63-1-1-8\" class=\"so-panel widget widget_sow-features\" data-index=\"10\" ><div class=\"panel-widget-style panel-widget-style-for-gb2166-69e34bec24b63-1-1-8\" ><div\n\t\t\t\n\t\t\tclass=\"so-widget-sow-features so-widget-sow-features-default-265bdf926be0-2166\"\n\t\t\t\n\t\t><ul\n\tclass=\"sow-features-list\n\tsow-features-responsive\">\n\n\t\t\t<li\n\t\t\tclass=\"sow-features-feature sow-icon-container-position-right\"\n\t\t\tstyle=\"display: flex; flex-direction: row; width: calc(33.333% - 25px);\"\n\t\t>\n\t\t\t\n\t\t\t\t\t\t<a\t\t\t\tclass=\"sow-icon-container sow-container-round\"\n\t\t\t\tstyle=\"color: #2138d1; \"\n\t\t\t\t\n\t\t\t\t\t\t\t\t\thref=\"http:\/\/tus08senne1-fussball.de\/wp-content\/uploads\/2020\/12\/TuS_Magazin_2020-12_web-1.pdf\"\n\t\t\t\t\ttarget=\"_blank\" rel=\"noopener noreferrer\"\t\t\t>\n\t\t\t\t<span class=\"sow-icon-ionicons\" data-sow-icon=\"&#xf3e8;\"\n\t\tstyle=\"font-size: 20px; color: #ffffff\" \n\t\taria-hidden=\"true\"><\/span>\t\t\t<\/a>\n\n\t\t\t<div class=\"textwidget\">\n\t\t\t\t\n\t\t\t\t\n\t\t\t\t\t\t\t\t\t<div class=\"sow-features-feature-text\">\n\t\t\t\t\t<p><strong>Dezember 2020<\/strong><\/p>\n\t\t\t\t\t<\/div>\n\t\t\t\t\t\t\t\t<\/div>\n\t\t\t\t\t\t\t\t<\/li>\n\n\t<\/ul>\n<\/div><\/div><\/div><div id=\"panel-gb2166-69e34bec24b63-1-1-9\" class=\"so-panel widget widget_sow-features panel-last-child\" data-index=\"11\" ><div class=\"panel-widget-style panel-widget-style-for-gb2166-69e34bec24b63-1-1-9\" ><div\n\t\t\t\n\t\t\tclass=\"so-widget-sow-features so-widget-sow-features-default-265bdf926be0-2166\"\n\t\t\t\n\t\t><ul\n\tclass=\"sow-features-list\n\tsow-features-responsive\">\n\n\t\t\t<li\n\t\t\tclass=\"sow-features-feature sow-icon-container-position-right\"\n\t\t\tstyle=\"display: flex; flex-direction: row; width: calc(33.333% - 25px);\"\n\t\t>\n\t\t\t\n\t\t\t\t\t\t<a\t\t\t\tclass=\"sow-icon-container sow-container-round\"\n\t\t\t\tstyle=\"color: #2138d1; \"\n\t\t\t\t\n\t\t\t\t\t\t\t\t\thref=\"http:\/\/tus08senne1-fussball.de\/wp-content\/uploads\/2019\/05\/TuS_Magazin_2020-09_v4_web.pdf\"\n\t\t\t\t\ttarget=\"_blank\" rel=\"noopener noreferrer\"\t\t\t>\n\t\t\t\t<span class=\"sow-icon-ionicons\" data-sow-icon=\"&#xf3e8;\"\n\t\tstyle=\"font-size: 20px; color: #ffffff\" \n\t\taria-hidden=\"true\"><\/span>\t\t\t<\/a>\n\n\t\t\t<div class=\"textwidget\">\n\t\t\t\t\n\t\t\t\t\n\t\t\t\t\t\t\t\t\t<div class=\"sow-features-feature-text\">\n\t\t\t\t\t<p><strong>September 2020<\/strong><\/p>\n\t\t\t\t\t<\/div>\n\t\t\t\t\t\t\t\t<\/div>\n\t\t\t\t\t\t\t\t<\/li>\n\n\t<\/ul>\n<\/div><\/div><\/div><\/div><\/div><\/div>\n\n\n<p><\/p>\n","protected":false},"excerpt":{"rendered":"<p>Was ist los im TuS 08? Unser &#8222;Senner WaldBlatt&#8220; gibt dir aktuelle Informationen, spannende Hintergr\u00fcnden und viel Wissenswertes \u00fcber unsere Fu\u00dfballabteilung. Du kannst das Magazin hier herunterladen. In gedruckter Form ist es auch in vielen Senner Gesch\u00e4ften ausgelegt bzw. wird an Senner Haushalte verteilt. Die aktuelle Ausgabe direkt zum Herunterladen und alle Ausgaben zum St\u00f6bern [&hellip;]<\/p>\n","protected":false},"author":1,"featured_media":0,"parent":71,"menu_order":0,"comment_status":"closed","ping_status":"closed","template":"templates\/template-full.php","meta":{"footnotes":""},"class_list":["post-2166","page","type-page","status-publish","hentry","post"],"_links":{"self":[{"href":"https:\/\/tus08senne1-fussball.de\/index.php?rest_route=\/wp\/v2\/pages\/2166","targetHints":{"allow":["GET"]}}],"collection":[{"href":"https:\/\/tus08senne1-fussball.de\/index.php?rest_route=\/wp\/v2\/pages"}],"about":[{"href":"https:\/\/tus08senne1-fussball.de\/index.php?rest_route=\/wp\/v2\/types\/page"}],"author":[{"embeddable":true,"href":"https:\/\/tus08senne1-fussball.de\/index.php?rest_route=\/wp\/v2\/users\/1"}],"replies":[{"embeddable":true,"href":"https:\/\/tus08senne1-fussball.de\/index.php?rest_route=%2Fwp%2Fv2%2Fcomments&post=2166"}],"version-history":[{"count":36,"href":"https:\/\/tus08senne1-fussball.de\/index.php?rest_route=\/wp\/v2\/pages\/2166\/revisions"}],"predecessor-version":[{"id":4128,"href":"https:\/\/tus08senne1-fussball.de\/index.php?rest_route=\/wp\/v2\/pages\/2166\/revisions\/4128"}],"up":[{"embeddable":true,"href":"https:\/\/tus08senne1-fussball.de\/index.php?rest_route=\/wp\/v2\/pages\/71"}],"wp:attachment":[{"href":"https:\/\/tus08senne1-fussball.de\/index.php?rest_route=%2Fwp%2Fv2%2Fmedia&parent=2166"}],"curies":[{"name":"wp","href":"https:\/\/api.w.org\/{rel}","templated":true}]}}