{"id":182,"date":"2019-04-29T05:34:25","date_gmt":"2019-04-29T05:34:25","guid":{"rendered":"http:\/\/tus08senne1-fussball.de\/?page_id=182"},"modified":"2024-07-07T09:37:11","modified_gmt":"2024-07-07T09:37:11","slug":"anfahrt","status":"publish","type":"page","link":"https:\/\/tus08senne1-fussball.de\/?page_id=182","title":{"rendered":"Sportst\u00e4tte"},"content":{"rendered":"<div id=\"pl-gb182-6a08503062cef\"  class=\"panel-layout wp-block-siteorigin-panels-layout-block\" ><div id=\"pg-gb182-6a08503062cef-0\"  class=\"panel-grid panel-no-style\" ><div id=\"pgc-gb182-6a08503062cef-0-0\"  class=\"panel-grid-cell\" ><div id=\"panel-gb182-6a08503062cef-0-0-0\" class=\"so-panel widget widget_sow-image panel-first-child panel-last-child\" data-index=\"0\" ><div\n\t\t\t\n\t\t\tclass=\"so-widget-sow-image so-widget-sow-image-default-8b5b6f678277-182\"\n\t\t\t\n\t\t>\n<div class=\"sow-image-container\">\n\t\t<img \n\tsrc=\"https:\/\/tus08senne1-fussball.de\/wp-content\/uploads\/2019\/04\/bpi-arena-e1556632583266.png\" width=\"666\" height=\"74\" srcset=\"https:\/\/tus08senne1-fussball.de\/wp-content\/uploads\/2019\/04\/bpi-arena-e1556632583266.png 666w, https:\/\/tus08senne1-fussball.de\/wp-content\/uploads\/2019\/04\/bpi-arena-e1556632583266-600x67.png 600w\" sizes=\"(max-width: 666px) 100vw, 666px\" title=\"bpi-arena\" alt=\"\" \t\tclass=\"so-widget-image\"\/>\n\t<\/div>\n\n<\/div><\/div><\/div><\/div><div id=\"pg-gb182-6a08503062cef-1\"  class=\"panel-grid panel-no-style\" ><div id=\"pgc-gb182-6a08503062cef-1-0\"  class=\"panel-grid-cell\" ><div id=\"panel-gb182-6a08503062cef-1-0-0\" class=\"so-panel widget widget_sow-image panel-first-child panel-last-child\" data-index=\"1\" ><div\n\t\t\t\n\t\t\tclass=\"so-widget-sow-image so-widget-sow-image-default-8b5b6f678277-182\"\n\t\t\t\n\t\t>\n<div class=\"sow-image-container\">\n\t\t<img \n\tsrc=\"https:\/\/tus08senne1-fussball.de\/wp-content\/uploads\/2019\/04\/Luftbild.png\" width=\"508\" height=\"382\" srcset=\"https:\/\/tus08senne1-fussball.de\/wp-content\/uploads\/2019\/04\/Luftbild.png 508w, https:\/\/tus08senne1-fussball.de\/wp-content\/uploads\/2019\/04\/Luftbild-300x226.png 300w\" sizes=\"(max-width: 508px) 100vw, 508px\" title=\"Neuer Kunstrasenplatz\" alt=\"\" \t\tclass=\"so-widget-image\"\/>\n\t<\/div>\n\n<\/div><\/div><\/div><div id=\"pgc-gb182-6a08503062cef-1-1\"  class=\"panel-grid-cell\" ><div id=\"panel-gb182-6a08503062cef-1-1-0\" class=\"so-panel widget widget_sow-image panel-first-child panel-last-child\" data-index=\"2\" ><div\n\t\t\t\n\t\t\tclass=\"so-widget-sow-image so-widget-sow-image-default-13f2a8b12fcc-182\"\n\t\t\t\n\t\t>\n<div class=\"sow-image-container\">\n\t\t<img \n\tsrc=\"https:\/\/tus08senne1-fussball.de\/wp-content\/uploads\/2023\/03\/Bildschirm\u00adfoto-2023-03-16-um-08.14.44.png\" width=\"1634\" height=\"830\" srcset=\"https:\/\/tus08senne1-fussball.de\/wp-content\/uploads\/2023\/03\/Bildschirm\u00adfoto-2023-03-16-um-08.14.44.png 1634w, https:\/\/tus08senne1-fussball.de\/wp-content\/uploads\/2023\/03\/Bildschirm\u00adfoto-2023-03-16-um-08.14.44-300x152.png 300w, https:\/\/tus08senne1-fussball.de\/wp-content\/uploads\/2023\/03\/Bildschirm\u00adfoto-2023-03-16-um-08.14.44-1024x520.png 1024w, https:\/\/tus08senne1-fussball.de\/wp-content\/uploads\/2023\/03\/Bildschirm\u00adfoto-2023-03-16-um-08.14.44-768x390.png 768w, https:\/\/tus08senne1-fussball.de\/wp-content\/uploads\/2023\/03\/Bildschirm\u00adfoto-2023-03-16-um-08.14.44-1536x780.png 1536w\" sizes=\"(max-width: 1634px) 100vw, 1634px\" title=\"Karte OpenStreetMap\" alt=\"auf Google Maps suchen\" \t\tclass=\"so-widget-image\"\/>\n\t<\/div>\n\n<\/div><\/div><\/div><\/div><\/div>\n\n<p><strong>Adresse: Am Waldbad 72a, 33659 Bielefeld<\/strong><\/p>\n<p>Seit dem 3. Juni 2015 hei\u00dft die Sportanlage am Waldbad offiziell \u201ebpi Arena am Waldbad Senne\u201c. Die Fu\u00dfballabteilung des TuS 08 Senne I e.V. bedankt sich bei den bpi-Inhabern Anke und Henning Kortkamp, die den Jugendbereich der Fu\u00dfballabteilung gro\u00dfz\u00fcgig unterst\u00fctzen!\u00a0<\/p>\n<p>Die bpi Arena beheimatet einen Naturrasenplatz, einen Kunstrasenplatz mit Flutlicht sowie einen kleineren Trainingsplatz. Auch f\u00fcr das leibliche Wohl der Besucherinnen und Besucher ist in der bpi Arena bei Spieltagen der Senioren- und Juniorenmannschaften gesorgt.<\/p>\n<h5>Postanschrift der Fu\u00dfballabteilung<\/h5>\n<p>TuS 08 Senne I e.V. &#8212;\u00a0Fu\u00dfballabteilung<br \/>z.Hd. Lars Herrmann<br \/>Concarneaustra\u00dfe 23<br \/>33659 Bielefeld<\/p>","protected":false},"excerpt":{"rendered":"<p>Adresse: Am Waldbad 72a, 33659 Bielefeld Seit dem 3. Juni 2015 hei\u00dft die Sportanlage am Waldbad offiziell \u201ebpi Arena am Waldbad Senne\u201c. Die Fu\u00dfballabteilung des TuS 08 Senne I e.V. bedankt sich bei den bpi-Inhabern Anke und Henning Kortkamp, die den Jugendbereich der Fu\u00dfballabteilung gro\u00dfz\u00fcgig unterst\u00fctzen!\u00a0 Die bpi Arena beheimatet einen Naturrasenplatz, einen Kunstrasenplatz mit [&hellip;]<\/p>\n","protected":false},"author":1,"featured_media":0,"parent":78,"menu_order":0,"comment_status":"closed","ping_status":"closed","template":"templates\/template-full.php","meta":{"footnotes":""},"class_list":["post-182","page","type-page","status-publish","hentry","post"],"_links":{"self":[{"href":"https:\/\/tus08senne1-fussball.de\/index.php?rest_route=\/wp\/v2\/pages\/182","targetHints":{"allow":["GET"]}}],"collection":[{"href":"https:\/\/tus08senne1-fussball.de\/index.php?rest_route=\/wp\/v2\/pages"}],"about":[{"href":"https:\/\/tus08senne1-fussball.de\/index.php?rest_route=\/wp\/v2\/types\/page"}],"author":[{"embeddable":true,"href":"https:\/\/tus08senne1-fussball.de\/index.php?rest_route=\/wp\/v2\/users\/1"}],"replies":[{"embeddable":true,"href":"https:\/\/tus08senne1-fussball.de\/index.php?rest_route=%2Fwp%2Fv2%2Fcomments&post=182"}],"version-history":[{"count":37,"href":"https:\/\/tus08senne1-fussball.de\/index.php?rest_route=\/wp\/v2\/pages\/182\/revisions"}],"predecessor-version":[{"id":3737,"href":"https:\/\/tus08senne1-fussball.de\/index.php?rest_route=\/wp\/v2\/pages\/182\/revisions\/3737"}],"up":[{"embeddable":true,"href":"https:\/\/tus08senne1-fussball.de\/index.php?rest_route=\/wp\/v2\/pages\/78"}],"wp:attachment":[{"href":"https:\/\/tus08senne1-fussball.de\/index.php?rest_route=%2Fwp%2Fv2%2Fmedia&parent=182"}],"curies":[{"name":"wp","href":"https:\/\/api.w.org\/{rel}","templated":true}]}}