{"id":1033,"date":"2019-07-16T05:06:56","date_gmt":"2019-07-16T05:06:56","guid":{"rendered":"http:\/\/tus08senne1-fussball.de\/?page_id=1033"},"modified":"2025-07-17T12:31:17","modified_gmt":"2025-07-17T12:31:17","slug":"sponsor-werden","status":"publish","type":"page","link":"https:\/\/tus08senne1-fussball.de\/?page_id=1033","title":{"rendered":"Sponsor werden"},"content":{"rendered":"\n<p>Der TuS 08 Senne I e.V. stellt im Bielefelder S\u00fcden die gr\u00f6\u00dfte Fu\u00dfballabteilung. Wir bieten mittlerweile \u00fcber 600 aktiven Fu\u00dfballerinnen und Fu\u00dfballern auf dem sch\u00f6nen Gel\u00e4nde am Senner Waldbad eine sportliche Heimat.<\/p>\n\n\n\n<p>Unsere Fu\u00dfballabteilung verf\u00fcgt \u00fcber eine hohe Sichtbarkeit, nicht zuletzt durch die&nbsp;j\u00fcngsten sportlichen Erfolge im Senioren- und Jugendbereich oder&nbsp;beispielsweise durch unser Fu\u00dfball-Feriencamp, dem bpi-Firmenturnier oder dem j\u00e4hrlichen Benefizspiel f\u00fcr das Kinderkrebsprojekt \u201eFruchtalarm\u201c.<\/p>\n\n\n\n<p>Weiterhin wollen wir die sportliche Heimat jedes Fu\u00dfballbegeisterten bleiben und m\u00fcssen die Rahmenbedingungen und Weichen f\u00fcr die Zukunft stellen und unsere wirtschaftliche Leistungsf\u00e4higkeit weiter verbessern.<\/p>\n\n\n\n<p>Hierzu ben\u00f6tigen wir Ihre Unterst\u00fctzung f\u00fcr jeden extra Meter auf und neben dem Platz.<\/p>\n\n\n\n<p><strong>Werde ein Teil des TuS 08,&nbsp;<\/strong><\/p>\n\n\n\n<p><strong>unser Sponsor und hilf mit! Danke.<\/strong><\/p>\n\n\n\n<p>Kevin K\u00f6hler,&nbsp;Sponsoring-Beauftragter<br><a href=\"mailto:sponsoring@tus08senne1-fussball.de\">sponsoring@tus08senne1-fussball.de<\/a><br>Telefon: 0160 181 2591<\/p>\n","protected":false},"excerpt":{"rendered":"<p>Der TuS 08 Senne I e.V. stellt im Bielefelder S\u00fcden die gr\u00f6\u00dfte Fu\u00dfballabteilung. Wir bieten mittlerweile \u00fcber 600 aktiven Fu\u00dfballerinnen und Fu\u00dfballern auf dem sch\u00f6nen Gel\u00e4nde am Senner Waldbad eine sportliche Heimat. Unsere Fu\u00dfballabteilung verf\u00fcgt \u00fcber eine hohe Sichtbarkeit, nicht zuletzt durch die&nbsp;j\u00fcngsten sportlichen Erfolge im Senioren- und Jugendbereich oder&nbsp;beispielsweise durch unser Fu\u00dfball-Feriencamp, dem bpi-Firmenturnier [&hellip;]<\/p>\n","protected":false},"author":1,"featured_media":0,"parent":69,"menu_order":0,"comment_status":"closed","ping_status":"closed","template":"templates\/template-full.php","meta":{"footnotes":""},"class_list":["post-1033","page","type-page","status-publish","hentry","post"],"_links":{"self":[{"href":"https:\/\/tus08senne1-fussball.de\/index.php?rest_route=\/wp\/v2\/pages\/1033","targetHints":{"allow":["GET"]}}],"collection":[{"href":"https:\/\/tus08senne1-fussball.de\/index.php?rest_route=\/wp\/v2\/pages"}],"about":[{"href":"https:\/\/tus08senne1-fussball.de\/index.php?rest_route=\/wp\/v2\/types\/page"}],"author":[{"embeddable":true,"href":"https:\/\/tus08senne1-fussball.de\/index.php?rest_route=\/wp\/v2\/users\/1"}],"replies":[{"embeddable":true,"href":"https:\/\/tus08senne1-fussball.de\/index.php?rest_route=%2Fwp%2Fv2%2Fcomments&post=1033"}],"version-history":[{"count":24,"href":"https:\/\/tus08senne1-fussball.de\/index.php?rest_route=\/wp\/v2\/pages\/1033\/revisions"}],"predecessor-version":[{"id":4055,"href":"https:\/\/tus08senne1-fussball.de\/index.php?rest_route=\/wp\/v2\/pages\/1033\/revisions\/4055"}],"up":[{"embeddable":true,"href":"https:\/\/tus08senne1-fussball.de\/index.php?rest_route=\/wp\/v2\/pages\/69"}],"wp:attachment":[{"href":"https:\/\/tus08senne1-fussball.de\/index.php?rest_route=%2Fwp%2Fv2%2Fmedia&parent=1033"}],"curies":[{"name":"wp","href":"https:\/\/api.w.org\/{rel}","templated":true}]}}